{"id":5079,"date":"2016-12-15T12:01:00","date_gmt":"2016-12-15T10:01:00","guid":{"rendered":"http:\/\/baroniadeturis.es\/product\/baronia-blue-2\/"},"modified":"2021-11-22T08:00:16","modified_gmt":"2021-11-22T06:00:16","slug":"spirit-drink-baronia-blue","status":"publish","type":"product","link":"https:\/\/baroniadeturis.es\/en\/shop\/spirit-drink-baronia-blue\/","title":{"rendered":"Spirit drink Baron\u00eda Blue"},"content":{"rendered":"","protected":false},"excerpt":{"rendered":"","protected":false},"featured_media":7260,"comment_status":"open","ping_status":"closed","template":"","meta":[],"product_cat":[225],"product_tag":[219,288,533],"acf":[],"yoast_head":"<!-- This site is optimized with the Yoast SEO plugin v19.3 - https:\/\/yoast.com\/wordpress\/plugins\/seo\/ -->\n<title>Spirit drink made from white wines Baron\u00eda Blue &bull; Baron\u00eda de Tur\u00eds<\/title>\n<meta name=\"description\" content=\"Spirit drink made from white wines. A new experience in blue, ideal for having a drink with friends, enjoying it alone or with snacks. Different!\" \/>\n<meta name=\"robots\" content=\"index, follow, max-snippet:-1, max-image-preview:large, max-video-preview:-1\" \/>\n<link rel=\"canonical\" href=\"https:\/\/baroniadeturis.es\/en\/shop\/spirit-drink-baronia-blue\/\" \/>\n<meta property=\"og:locale\" content=\"en_US\" \/>\n<meta property=\"og:type\" content=\"article\" \/>\n<meta property=\"og:title\" content=\"Spirit drink made from white wines Baron\u00eda Blue by Baron\u00eda de Tur\u00eds\" \/>\n<meta property=\"og:description\" content=\"Spirit drink made from white wines. A new experience in blue, ideal for having a drink with friends, enjoying it alone or with snacks. Different!\" \/>\n<meta property=\"og:url\" content=\"https:\/\/baroniadeturis.es\/en\/shop\/spirit-drink-baronia-blue\/\" \/>\n<meta property=\"og:site_name\" content=\"Baron\u00eda de Tur\u00eds\" \/>\n<meta property=\"article:publisher\" content=\"https:\/\/www.facebook.com\/baroniadeturis\/\" \/>\n<meta property=\"article:modified_time\" content=\"2021-11-22T06:00:16+00:00\" \/>\n<meta property=\"og:image\" content=\"https:\/\/baroniadeturis.es\/wp-content\/uploads\/2020\/08\/Blue_baronia-1.png\" \/>\n\t<meta property=\"og:image:width\" content=\"1500\" \/>\n\t<meta property=\"og:image:height\" content=\"1997\" \/>\n\t<meta property=\"og:image:type\" content=\"image\/png\" \/>\n<meta name=\"twitter:card\" content=\"summary_large_image\" \/>\n<meta name=\"twitter:title\" content=\"Spirit drink made from white wines Baron\u00eda Blue by Baron\u00eda de Tur\u00eds\" \/>\n<meta name=\"twitter:description\" content=\"Spirit drink made from white wines. A new experience in blue, ideal for having a drink with friends, enjoying it alone or with snacks. Different!\" \/>\n<meta name=\"twitter:image\" content=\"https:\/\/baroniadeturis.es\/wp-content\/uploads\/2020\/08\/Blue_baronia-1.png\" \/>\n<meta name=\"twitter:site\" content=\"@BaroniadeTuris\" \/>\n<script type=\"application\/ld+json\" class=\"yoast-schema-graph\">{\"@context\":\"https:\/\/schema.org\",\"@graph\":[{\"@type\":\"Organization\",\"@id\":\"https:\/\/baroniadeturis.es\/#organization\",\"name\":\"Baron\u00eda de Tur\u00eds Coop. V.\",\"url\":\"https:\/\/baroniadeturis.es\/\",\"sameAs\":[\"https:\/\/www.instagram.com\/baroniadeturis\/?hl=es\",\"https:\/\/www.youtube.com\/channel\/UCAj8ABKeb68PTPyktzWpf7Q\",\"https:\/\/www.facebook.com\/baroniadeturis\/\",\"https:\/\/twitter.com\/BaroniadeTuris\"],\"logo\":{\"@type\":\"ImageObject\",\"inLanguage\":\"en-US\",\"@id\":\"https:\/\/baroniadeturis.es\/#\/schema\/logo\/image\/\",\"url\":\"https:\/\/baroniadeturis.es\/wp-content\/uploads\/2020\/08\/logo-w2020-footer-izq.png\",\"contentUrl\":\"https:\/\/baroniadeturis.es\/wp-content\/uploads\/2020\/08\/logo-w2020-footer-izq.png\",\"width\":300,\"height\":107,\"caption\":\"Baron\u00eda de Tur\u00eds Coop. V.\"},\"image\":{\"@id\":\"https:\/\/baroniadeturis.es\/#\/schema\/logo\/image\/\"}},{\"@type\":\"WebSite\",\"@id\":\"https:\/\/baroniadeturis.es\/#website\",\"url\":\"https:\/\/baroniadeturis.es\/\",\"name\":\"Baron\u00eda de Tur\u00eds\",\"description\":\"Official site of the wine cellar\",\"publisher\":{\"@id\":\"https:\/\/baroniadeturis.es\/#organization\"},\"potentialAction\":[{\"@type\":\"SearchAction\",\"target\":{\"@type\":\"EntryPoint\",\"urlTemplate\":\"https:\/\/baroniadeturis.es\/?s={search_term_string}\"},\"query-input\":\"required name=search_term_string\"}],\"inLanguage\":\"en-US\"},{\"@type\":\"ImageObject\",\"inLanguage\":\"en-US\",\"@id\":\"https:\/\/baroniadeturis.es\/en\/shop\/spirit-drink-baronia-blue\/#primaryimage\",\"url\":\"https:\/\/baroniadeturis.es\/wp-content\/uploads\/2020\/08\/Blue_baronia-1.png\",\"contentUrl\":\"https:\/\/baroniadeturis.es\/wp-content\/uploads\/2020\/08\/Blue_baronia-1.png\",\"width\":1500,\"height\":1997,\"caption\":\"Bebida espirituosa Baron\u00eda Blue\"},{\"@type\":\"WebPage\",\"@id\":\"https:\/\/baroniadeturis.es\/en\/shop\/spirit-drink-baronia-blue\/\",\"url\":\"https:\/\/baroniadeturis.es\/en\/shop\/spirit-drink-baronia-blue\/\",\"name\":\"Spirit drink made from white wines Baron\u00eda Blue &bull; Baron\u00eda de Tur\u00eds\",\"isPartOf\":{\"@id\":\"https:\/\/baroniadeturis.es\/#website\"},\"primaryImageOfPage\":{\"@id\":\"https:\/\/baroniadeturis.es\/en\/shop\/spirit-drink-baronia-blue\/#primaryimage\"},\"datePublished\":\"2016-12-15T10:01:00+00:00\",\"dateModified\":\"2021-11-22T06:00:16+00:00\",\"description\":\"Spirit drink made from white wines. A new experience in blue, ideal for having a drink with friends, enjoying it alone or with snacks. Different!\",\"breadcrumb\":{\"@id\":\"https:\/\/baroniadeturis.es\/en\/shop\/spirit-drink-baronia-blue\/#breadcrumb\"},\"inLanguage\":\"en-US\",\"potentialAction\":[{\"@type\":\"ReadAction\",\"target\":[\"https:\/\/baroniadeturis.es\/en\/shop\/spirit-drink-baronia-blue\/\"]}]},{\"@type\":\"BreadcrumbList\",\"@id\":\"https:\/\/baroniadeturis.es\/en\/shop\/spirit-drink-baronia-blue\/#breadcrumb\",\"itemListElement\":[{\"@type\":\"ListItem\",\"position\":1,\"name\":\"Portada\",\"item\":\"https:\/\/baroniadeturis.es\/en\/\"},{\"@type\":\"ListItem\",\"position\":2,\"name\":\"Shop\",\"item\":\"https:\/\/baroniadeturis.es\/en\/shop\/\"},{\"@type\":\"ListItem\",\"position\":3,\"name\":\"Spirit drink Baron\u00eda Blue\"}]}]}<\/script>\n<!-- \/ Yoast SEO plugin. -->","yoast_head_json":{"title":"Spirit drink made from white wines Baron\u00eda Blue &bull; Baron\u00eda de Tur\u00eds","description":"Spirit drink made from white wines. A new experience in blue, ideal for having a drink with friends, enjoying it alone or with snacks. Different!","robots":{"index":"index","follow":"follow","max-snippet":"max-snippet:-1","max-image-preview":"max-image-preview:large","max-video-preview":"max-video-preview:-1"},"canonical":"https:\/\/baroniadeturis.es\/en\/shop\/spirit-drink-baronia-blue\/","og_locale":"en_US","og_type":"article","og_title":"Spirit drink made from white wines Baron\u00eda Blue by Baron\u00eda de Tur\u00eds","og_description":"Spirit drink made from white wines. A new experience in blue, ideal for having a drink with friends, enjoying it alone or with snacks. Different!","og_url":"https:\/\/baroniadeturis.es\/en\/shop\/spirit-drink-baronia-blue\/","og_site_name":"Baron\u00eda de Tur\u00eds","article_publisher":"https:\/\/www.facebook.com\/baroniadeturis\/","article_modified_time":"2021-11-22T06:00:16+00:00","og_image":[{"width":1500,"height":1997,"url":"https:\/\/baroniadeturis.es\/wp-content\/uploads\/2020\/08\/Blue_baronia-1.png","type":"image\/png"}],"twitter_card":"summary_large_image","twitter_title":"Spirit drink made from white wines Baron\u00eda Blue by Baron\u00eda de Tur\u00eds","twitter_description":"Spirit drink made from white wines. A new experience in blue, ideal for having a drink with friends, enjoying it alone or with snacks. Different!","twitter_image":"https:\/\/baroniadeturis.es\/wp-content\/uploads\/2020\/08\/Blue_baronia-1.png","twitter_site":"@BaroniadeTuris","schema":{"@context":"https:\/\/schema.org","@graph":[{"@type":"Organization","@id":"https:\/\/baroniadeturis.es\/#organization","name":"Baron\u00eda de Tur\u00eds Coop. V.","url":"https:\/\/baroniadeturis.es\/","sameAs":["https:\/\/www.instagram.com\/baroniadeturis\/?hl=es","https:\/\/www.youtube.com\/channel\/UCAj8ABKeb68PTPyktzWpf7Q","https:\/\/www.facebook.com\/baroniadeturis\/","https:\/\/twitter.com\/BaroniadeTuris"],"logo":{"@type":"ImageObject","inLanguage":"en-US","@id":"https:\/\/baroniadeturis.es\/#\/schema\/logo\/image\/","url":"https:\/\/baroniadeturis.es\/wp-content\/uploads\/2020\/08\/logo-w2020-footer-izq.png","contentUrl":"https:\/\/baroniadeturis.es\/wp-content\/uploads\/2020\/08\/logo-w2020-footer-izq.png","width":300,"height":107,"caption":"Baron\u00eda de Tur\u00eds Coop. V."},"image":{"@id":"https:\/\/baroniadeturis.es\/#\/schema\/logo\/image\/"}},{"@type":"WebSite","@id":"https:\/\/baroniadeturis.es\/#website","url":"https:\/\/baroniadeturis.es\/","name":"Baron\u00eda de Tur\u00eds","description":"Official site of the wine cellar","publisher":{"@id":"https:\/\/baroniadeturis.es\/#organization"},"potentialAction":[{"@type":"SearchAction","target":{"@type":"EntryPoint","urlTemplate":"https:\/\/baroniadeturis.es\/?s={search_term_string}"},"query-input":"required name=search_term_string"}],"inLanguage":"en-US"},{"@type":"ImageObject","inLanguage":"en-US","@id":"https:\/\/baroniadeturis.es\/en\/shop\/spirit-drink-baronia-blue\/#primaryimage","url":"https:\/\/baroniadeturis.es\/wp-content\/uploads\/2020\/08\/Blue_baronia-1.png","contentUrl":"https:\/\/baroniadeturis.es\/wp-content\/uploads\/2020\/08\/Blue_baronia-1.png","width":1500,"height":1997,"caption":"Bebida espirituosa Baron\u00eda Blue"},{"@type":"WebPage","@id":"https:\/\/baroniadeturis.es\/en\/shop\/spirit-drink-baronia-blue\/","url":"https:\/\/baroniadeturis.es\/en\/shop\/spirit-drink-baronia-blue\/","name":"Spirit drink made from white wines Baron\u00eda Blue &bull; Baron\u00eda de Tur\u00eds","isPartOf":{"@id":"https:\/\/baroniadeturis.es\/#website"},"primaryImageOfPage":{"@id":"https:\/\/baroniadeturis.es\/en\/shop\/spirit-drink-baronia-blue\/#primaryimage"},"datePublished":"2016-12-15T10:01:00+00:00","dateModified":"2021-11-22T06:00:16+00:00","description":"Spirit drink made from white wines. A new experience in blue, ideal for having a drink with friends, enjoying it alone or with snacks. Different!","breadcrumb":{"@id":"https:\/\/baroniadeturis.es\/en\/shop\/spirit-drink-baronia-blue\/#breadcrumb"},"inLanguage":"en-US","potentialAction":[{"@type":"ReadAction","target":["https:\/\/baroniadeturis.es\/en\/shop\/spirit-drink-baronia-blue\/"]}]},{"@type":"BreadcrumbList","@id":"https:\/\/baroniadeturis.es\/en\/shop\/spirit-drink-baronia-blue\/#breadcrumb","itemListElement":[{"@type":"ListItem","position":1,"name":"Portada","item":"https:\/\/baroniadeturis.es\/en\/"},{"@type":"ListItem","position":2,"name":"Shop","item":"https:\/\/baroniadeturis.es\/en\/shop\/"},{"@type":"ListItem","position":3,"name":"Spirit drink Baron\u00eda Blue"}]}]}},"_links":{"self":[{"href":"https:\/\/baroniadeturis.es\/en\/wp-json\/wp\/v2\/product\/5079"}],"collection":[{"href":"https:\/\/baroniadeturis.es\/en\/wp-json\/wp\/v2\/product"}],"about":[{"href":"https:\/\/baroniadeturis.es\/en\/wp-json\/wp\/v2\/types\/product"}],"replies":[{"embeddable":true,"href":"https:\/\/baroniadeturis.es\/en\/wp-json\/wp\/v2\/comments?post=5079"}],"wp:featuredmedia":[{"embeddable":true,"href":"https:\/\/baroniadeturis.es\/en\/wp-json\/wp\/v2\/media\/7260"}],"wp:attachment":[{"href":"https:\/\/baroniadeturis.es\/en\/wp-json\/wp\/v2\/media?parent=5079"}],"wp:term":[{"taxonomy":"product_cat","embeddable":true,"href":"https:\/\/baroniadeturis.es\/en\/wp-json\/wp\/v2\/product_cat?post=5079"},{"taxonomy":"product_tag","embeddable":true,"href":"https:\/\/baroniadeturis.es\/en\/wp-json\/wp\/v2\/product_tag?post=5079"}],"curies":[{"name":"wp","href":"https:\/\/api.w.org\/{rel}","templated":true}]}}