{"id":4657,"date":"2015-03-01T09:59:45","date_gmt":"2015-03-01T07:59:45","guid":{"rendered":"http:\/\/baroniadeturis.es\/product\/baron-de-turis-reserva-2\/"},"modified":"2021-11-22T08:03:39","modified_gmt":"2021-11-22T06:03:39","slug":"reserve-red-wine-baron-de-turis","status":"publish","type":"product","link":"https:\/\/baroniadeturis.es\/en\/shop\/reserve-red-wine-baron-de-turis\/","title":{"rendered":"Reserve red wine Bar\u00f3n de Tur\u00eds"},"content":{"rendered":"","protected":false},"excerpt":{"rendered":"","protected":false},"featured_media":13119,"comment_status":"open","ping_status":"closed","template":"","meta":[],"product_cat":[228],"product_tag":[534,535,233,293,289,291],"acf":[],"yoast_head":"<!-- This site is optimized with the Yoast SEO plugin v19.3 - https:\/\/yoast.com\/wordpress\/plugins\/seo\/ -->\n<title>Reserve red wine Bar\u00f3n de Tur\u00eds &bull; Baron\u00eda de Tur\u00eds<\/title>\n<meta name=\"description\" content=\"Balanced and round reserve red wine. Its aging in oak barrels makes it perfect for red meats, roasts, game, duck breast and strong cheeses.\" \/>\n<meta name=\"robots\" content=\"index, follow, max-snippet:-1, max-image-preview:large, max-video-preview:-1\" \/>\n<link rel=\"canonical\" href=\"https:\/\/baroniadeturis.es\/en\/shop\/reserve-red-wine-baron-de-turis\/\" \/>\n<meta property=\"og:locale\" content=\"en_US\" \/>\n<meta property=\"og:type\" content=\"article\" \/>\n<meta property=\"og:title\" content=\"Reserve red wine Bar\u00f3n de Tur\u00eds by Baron\u00eda de Tur\u00eds\" \/>\n<meta property=\"og:description\" content=\"Balanced and round reserve red wine. Its aging in oak barrels makes it perfect for red meats, roasts, game, duck breast and strong cheeses.\" \/>\n<meta property=\"og:url\" content=\"https:\/\/baroniadeturis.es\/en\/shop\/reserve-red-wine-baron-de-turis\" \/>\n<meta property=\"og:site_name\" content=\"Baron\u00eda de Tur\u00eds\" \/>\n<meta property=\"article:publisher\" content=\"https:\/\/www.facebook.com\/baroniadeturis\/\" \/>\n<meta property=\"article:modified_time\" content=\"2021-11-22T06:03:39+00:00\" \/>\n<meta property=\"og:image\" content=\"https:\/\/baroniadeturis.es\/wp-content\/uploads\/2020\/08\/BT_reserva.png\" \/>\n\t<meta property=\"og:image:width\" content=\"1500\" \/>\n\t<meta property=\"og:image:height\" content=\"1997\" \/>\n\t<meta property=\"og:image:type\" content=\"image\/png\" \/>\n<meta name=\"twitter:card\" content=\"summary_large_image\" \/>\n<meta name=\"twitter:title\" content=\"Reserve red wine Bar\u00f3n de Tur\u00eds by Baron\u00eda de Tur\u00eds\" \/>\n<meta name=\"twitter:description\" content=\"Balanced and round reserve red wine. Its aging in oak barrels makes it perfect for red meats, roasts, game, duck breast and strong cheeses.\" \/>\n<meta name=\"twitter:image\" content=\"https:\/\/baroniadeturis.es\/wp-content\/uploads\/2020\/08\/BT_reserva.png\" \/>\n<meta name=\"twitter:site\" content=\"@BaroniadeTuris\" \/>\n<script type=\"application\/ld+json\" class=\"yoast-schema-graph\">{\"@context\":\"https:\/\/schema.org\",\"@graph\":[{\"@type\":\"Organization\",\"@id\":\"https:\/\/baroniadeturis.es\/#organization\",\"name\":\"Baron\u00eda de Tur\u00eds Coop. V.\",\"url\":\"https:\/\/baroniadeturis.es\/\",\"sameAs\":[\"https:\/\/www.instagram.com\/baroniadeturis\/?hl=es\",\"https:\/\/www.youtube.com\/channel\/UCAj8ABKeb68PTPyktzWpf7Q\",\"https:\/\/www.facebook.com\/baroniadeturis\/\",\"https:\/\/twitter.com\/BaroniadeTuris\"],\"logo\":{\"@type\":\"ImageObject\",\"inLanguage\":\"en-US\",\"@id\":\"https:\/\/baroniadeturis.es\/#\/schema\/logo\/image\/\",\"url\":\"https:\/\/baroniadeturis.es\/wp-content\/uploads\/2020\/08\/logo-w2020-footer-izq.png\",\"contentUrl\":\"https:\/\/baroniadeturis.es\/wp-content\/uploads\/2020\/08\/logo-w2020-footer-izq.png\",\"width\":300,\"height\":107,\"caption\":\"Baron\u00eda de Tur\u00eds Coop. V.\"},\"image\":{\"@id\":\"https:\/\/baroniadeturis.es\/#\/schema\/logo\/image\/\"}},{\"@type\":\"WebSite\",\"@id\":\"https:\/\/baroniadeturis.es\/#website\",\"url\":\"https:\/\/baroniadeturis.es\/\",\"name\":\"Baron\u00eda de Tur\u00eds\",\"description\":\"Official site of the wine cellar\",\"publisher\":{\"@id\":\"https:\/\/baroniadeturis.es\/#organization\"},\"potentialAction\":[{\"@type\":\"SearchAction\",\"target\":{\"@type\":\"EntryPoint\",\"urlTemplate\":\"https:\/\/baroniadeturis.es\/?s={search_term_string}\"},\"query-input\":\"required name=search_term_string\"}],\"inLanguage\":\"en-US\"},{\"@type\":\"ImageObject\",\"inLanguage\":\"en-US\",\"@id\":\"https:\/\/baroniadeturis.es\/en\/shop\/reserve-red-wine-baron-de-turis#primaryimage\",\"url\":\"https:\/\/baroniadeturis.es\/wp-content\/uploads\/2024\/11\/BT_reserva_600x799.png\",\"contentUrl\":\"https:\/\/baroniadeturis.es\/wp-content\/uploads\/2024\/11\/BT_reserva_600x799.png\",\"width\":600,\"height\":799},{\"@type\":\"WebPage\",\"@id\":\"https:\/\/baroniadeturis.es\/en\/shop\/reserve-red-wine-baron-de-turis\/\",\"url\":\"https:\/\/baroniadeturis.es\/en\/shop\/reserve-red-wine-baron-de-turis\",\"name\":\"Reserve red wine Bar\u00f3n de Tur\u00eds &bull; Baron\u00eda de Tur\u00eds\",\"isPartOf\":{\"@id\":\"https:\/\/baroniadeturis.es\/#website\"},\"primaryImageOfPage\":{\"@id\":\"https:\/\/baroniadeturis.es\/en\/shop\/reserve-red-wine-baron-de-turis#primaryimage\"},\"datePublished\":\"2015-03-01T07:59:45+00:00\",\"dateModified\":\"2021-11-22T06:03:39+00:00\",\"description\":\"Balanced and round reserve red wine. Its aging in oak barrels makes it perfect for red meats, roasts, game, duck breast and strong cheeses.\",\"breadcrumb\":{\"@id\":\"https:\/\/baroniadeturis.es\/en\/shop\/reserve-red-wine-baron-de-turis#breadcrumb\"},\"inLanguage\":\"en-US\",\"potentialAction\":[{\"@type\":\"ReadAction\",\"target\":[\"https:\/\/baroniadeturis.es\/en\/shop\/reserve-red-wine-baron-de-turis\"]}]},{\"@type\":\"BreadcrumbList\",\"@id\":\"https:\/\/baroniadeturis.es\/en\/shop\/reserve-red-wine-baron-de-turis#breadcrumb\",\"itemListElement\":[{\"@type\":\"ListItem\",\"position\":1,\"name\":\"Portada\",\"item\":\"https:\/\/baroniadeturis.es\/en\/\"},{\"@type\":\"ListItem\",\"position\":2,\"name\":\"Shop\",\"item\":\"https:\/\/baroniadeturis.es\/en\/shop\/\"},{\"@type\":\"ListItem\",\"position\":3,\"name\":\"Reserve red wine Bar\u00f3n de Tur\u00eds\"}]}]}<\/script>\n<!-- \/ Yoast SEO plugin. -->","yoast_head_json":{"title":"Reserve red wine Bar\u00f3n de Tur\u00eds &bull; Baron\u00eda de Tur\u00eds","description":"Balanced and round reserve red wine. Its aging in oak barrels makes it perfect for red meats, roasts, game, duck breast and strong cheeses.","robots":{"index":"index","follow":"follow","max-snippet":"max-snippet:-1","max-image-preview":"max-image-preview:large","max-video-preview":"max-video-preview:-1"},"canonical":"https:\/\/baroniadeturis.es\/en\/shop\/reserve-red-wine-baron-de-turis\/","og_locale":"en_US","og_type":"article","og_title":"Reserve red wine Bar\u00f3n de Tur\u00eds by Baron\u00eda de Tur\u00eds","og_description":"Balanced and round reserve red wine. Its aging in oak barrels makes it perfect for red meats, roasts, game, duck breast and strong cheeses.","og_url":"https:\/\/baroniadeturis.es\/en\/shop\/reserve-red-wine-baron-de-turis","og_site_name":"Baron\u00eda de Tur\u00eds","article_publisher":"https:\/\/www.facebook.com\/baroniadeturis\/","article_modified_time":"2021-11-22T06:03:39+00:00","og_image":[{"width":1500,"height":1997,"url":"https:\/\/baroniadeturis.es\/wp-content\/uploads\/2020\/08\/BT_reserva.png","type":"image\/png"}],"twitter_card":"summary_large_image","twitter_title":"Reserve red wine Bar\u00f3n de Tur\u00eds by Baron\u00eda de Tur\u00eds","twitter_description":"Balanced and round reserve red wine. Its aging in oak barrels makes it perfect for red meats, roasts, game, duck breast and strong cheeses.","twitter_image":"https:\/\/baroniadeturis.es\/wp-content\/uploads\/2020\/08\/BT_reserva.png","twitter_site":"@BaroniadeTuris","schema":{"@context":"https:\/\/schema.org","@graph":[{"@type":"Organization","@id":"https:\/\/baroniadeturis.es\/#organization","name":"Baron\u00eda de Tur\u00eds Coop. V.","url":"https:\/\/baroniadeturis.es\/","sameAs":["https:\/\/www.instagram.com\/baroniadeturis\/?hl=es","https:\/\/www.youtube.com\/channel\/UCAj8ABKeb68PTPyktzWpf7Q","https:\/\/www.facebook.com\/baroniadeturis\/","https:\/\/twitter.com\/BaroniadeTuris"],"logo":{"@type":"ImageObject","inLanguage":"en-US","@id":"https:\/\/baroniadeturis.es\/#\/schema\/logo\/image\/","url":"https:\/\/baroniadeturis.es\/wp-content\/uploads\/2020\/08\/logo-w2020-footer-izq.png","contentUrl":"https:\/\/baroniadeturis.es\/wp-content\/uploads\/2020\/08\/logo-w2020-footer-izq.png","width":300,"height":107,"caption":"Baron\u00eda de Tur\u00eds Coop. V."},"image":{"@id":"https:\/\/baroniadeturis.es\/#\/schema\/logo\/image\/"}},{"@type":"WebSite","@id":"https:\/\/baroniadeturis.es\/#website","url":"https:\/\/baroniadeturis.es\/","name":"Baron\u00eda de Tur\u00eds","description":"Official site of the wine cellar","publisher":{"@id":"https:\/\/baroniadeturis.es\/#organization"},"potentialAction":[{"@type":"SearchAction","target":{"@type":"EntryPoint","urlTemplate":"https:\/\/baroniadeturis.es\/?s={search_term_string}"},"query-input":"required name=search_term_string"}],"inLanguage":"en-US"},{"@type":"ImageObject","inLanguage":"en-US","@id":"https:\/\/baroniadeturis.es\/en\/shop\/reserve-red-wine-baron-de-turis#primaryimage","url":"https:\/\/baroniadeturis.es\/wp-content\/uploads\/2024\/11\/BT_reserva_600x799.png","contentUrl":"https:\/\/baroniadeturis.es\/wp-content\/uploads\/2024\/11\/BT_reserva_600x799.png","width":600,"height":799},{"@type":"WebPage","@id":"https:\/\/baroniadeturis.es\/en\/shop\/reserve-red-wine-baron-de-turis\/","url":"https:\/\/baroniadeturis.es\/en\/shop\/reserve-red-wine-baron-de-turis","name":"Reserve red wine Bar\u00f3n de Tur\u00eds &bull; Baron\u00eda de Tur\u00eds","isPartOf":{"@id":"https:\/\/baroniadeturis.es\/#website"},"primaryImageOfPage":{"@id":"https:\/\/baroniadeturis.es\/en\/shop\/reserve-red-wine-baron-de-turis#primaryimage"},"datePublished":"2015-03-01T07:59:45+00:00","dateModified":"2021-11-22T06:03:39+00:00","description":"Balanced and round reserve red wine. Its aging in oak barrels makes it perfect for red meats, roasts, game, duck breast and strong cheeses.","breadcrumb":{"@id":"https:\/\/baroniadeturis.es\/en\/shop\/reserve-red-wine-baron-de-turis#breadcrumb"},"inLanguage":"en-US","potentialAction":[{"@type":"ReadAction","target":["https:\/\/baroniadeturis.es\/en\/shop\/reserve-red-wine-baron-de-turis"]}]},{"@type":"BreadcrumbList","@id":"https:\/\/baroniadeturis.es\/en\/shop\/reserve-red-wine-baron-de-turis#breadcrumb","itemListElement":[{"@type":"ListItem","position":1,"name":"Portada","item":"https:\/\/baroniadeturis.es\/en\/"},{"@type":"ListItem","position":2,"name":"Shop","item":"https:\/\/baroniadeturis.es\/en\/shop\/"},{"@type":"ListItem","position":3,"name":"Reserve red wine Bar\u00f3n de Tur\u00eds"}]}]}},"_links":{"self":[{"href":"https:\/\/baroniadeturis.es\/en\/wp-json\/wp\/v2\/product\/4657"}],"collection":[{"href":"https:\/\/baroniadeturis.es\/en\/wp-json\/wp\/v2\/product"}],"about":[{"href":"https:\/\/baroniadeturis.es\/en\/wp-json\/wp\/v2\/types\/product"}],"replies":[{"embeddable":true,"href":"https:\/\/baroniadeturis.es\/en\/wp-json\/wp\/v2\/comments?post=4657"}],"wp:featuredmedia":[{"embeddable":true,"href":"https:\/\/baroniadeturis.es\/en\/wp-json\/wp\/v2\/media\/13119"}],"wp:attachment":[{"href":"https:\/\/baroniadeturis.es\/en\/wp-json\/wp\/v2\/media?parent=4657"}],"wp:term":[{"taxonomy":"product_cat","embeddable":true,"href":"https:\/\/baroniadeturis.es\/en\/wp-json\/wp\/v2\/product_cat?post=4657"},{"taxonomy":"product_tag","embeddable":true,"href":"https:\/\/baroniadeturis.es\/en\/wp-json\/wp\/v2\/product_tag?post=4657"}],"curies":[{"name":"wp","href":"https:\/\/api.w.org\/{rel}","templated":true}]}}