{"id":4542,"date":"2015-03-01T09:19:09","date_gmt":"2015-03-01T07:19:09","guid":{"rendered":"http:\/\/baroniadeturis.es\/product\/mistela-clasica-2\/"},"modified":"2021-11-22T08:06:13","modified_gmt":"2021-11-22T06:06:13","slug":"classic-mistela-moscatel-de-turis","status":"publish","type":"product","link":"https:\/\/baroniadeturis.es\/en\/shop\/classic-mistela-moscatel-de-turis\/","title":{"rendered":"Classic mistela Moscatel de Tur\u00eds"},"content":{"rendered":"<div class=\"fusion-fullwidth fullwidth-box fusion-builder-row-1 fusion-flex-container nonhundred-percent-fullwidth non-hundred-percent-height-scrolling\" style=\"background-color: rgba(255,255,255,0);background-position: center center;background-repeat: no-repeat;border-width: 0px 0px 0px 0px;border-color:#e2e2e2;border-style:solid;\" ><div class=\"fusion-builder-row fusion-row fusion-flex-align-items-flex-start\" style=\"max-width:1248px;margin-left: calc(-4% \/ 2 );margin-right: calc(-4% \/ 2 );\"><div class=\"fusion-layout-column fusion_builder_column fusion-builder-column-0 fusion_builder_column_1_1 1_1 fusion-flex-column\"><div class=\"fusion-column-wrapper fusion-flex-justify-content-flex-start fusion-content-layout-column\" style=\"background-position:left top;background-repeat:no-repeat;-webkit-background-size:cover;-moz-background-size:cover;-o-background-size:cover;background-size:cover;padding: 0px 0px 0px 0px;\"><div class=\"fusion-text fusion-text-1\"><p>We select the best grapes of Moscatel at their arrival at the winery. After a short pellicular maceration of the paste under low temperatures to extract the characteristic aromas of this variety, there is an addition of wine alcohol to stop the fermentation is stopped, and the natural sugars of the grapes are maintained.<\/p>\n<p>Perfect to be enjoyed with aperitifs, foie and blue cheeses. Ideal to consume at the end of a meal with sweets, desserts, cakes or on the rocks. Recommended to be drunk chilled at 7\u00baC.<\/p>\n<\/div><\/div><style type=\"text\/css\">.fusion-body .fusion-builder-column-0{width:100% !important;margin-top : 0px;margin-bottom : 20px;}.fusion-builder-column-0 > .fusion-column-wrapper {padding-top : 0px !important;padding-right : 0px !important;margin-right : 1.92%;padding-bottom : 0px !important;padding-left : 0px !important;margin-left : 1.92%;}@media only screen and (max-width:1024px) {.fusion-body .fusion-builder-column-0{width:100% !important;order : 0;}.fusion-builder-column-0 > .fusion-column-wrapper {margin-right : 1.92%;margin-left : 1.92%;}}@media only screen and (max-width:640px) {.fusion-body .fusion-builder-column-0{width:100% !important;order : 0;}.fusion-builder-column-0 > .fusion-column-wrapper {margin-right : 1.92%;margin-left : 1.92%;}}<\/style><\/div><\/div><style type=\"text\/css\">.fusion-body .fusion-flex-container.fusion-builder-row-1{ padding-top : 0px;margin-top : 0px;padding-right : 0px;padding-bottom : 0px;margin-bottom : 0px;padding-left : 0px;}<\/style><\/div>\n","protected":false},"excerpt":{"rendered":"","protected":false},"featured_media":7292,"comment_status":"open","ping_status":"closed","template":"","meta":[],"product_cat":[372],"product_tag":[535,287,371,382,284],"acf":[],"yoast_head":"<!-- This site is optimized with the Yoast SEO plugin v19.3 - https:\/\/yoast.com\/wordpress\/plugins\/seo\/ -->\n<title>Classic mistela Moscatel de Tur\u00eds &bull; Baron\u00eda de Tur\u00eds<\/title>\n<meta name=\"description\" content=\"Classic and at the same time contemporary Mistela, made with Moscatel grape. Traditional and highly recognized product of our winery.\" \/>\n<meta name=\"robots\" content=\"index, follow, max-snippet:-1, max-image-preview:large, max-video-preview:-1\" \/>\n<link rel=\"canonical\" href=\"https:\/\/baroniadeturis.es\/en\/shop\/classic-mistela-moscatel-de-turis\/\" \/>\n<meta property=\"og:locale\" content=\"en_US\" \/>\n<meta property=\"og:type\" content=\"article\" \/>\n<meta property=\"og:title\" content=\"Classic mistela Moscatel de Tur\u00eds by Baron\u00eda de Tur\u00eds\" \/>\n<meta property=\"og:description\" content=\"Classic and at the same time contemporary Mistela, made with Moscatel grape. Traditional and highly recognized product of our winery.\" \/>\n<meta property=\"og:url\" content=\"https:\/\/baroniadeturis.es\/en\/shop\/classic-mistela-moscatel-de-turis\/\" \/>\n<meta property=\"og:site_name\" content=\"Baron\u00eda de Tur\u00eds\" \/>\n<meta property=\"article:publisher\" content=\"https:\/\/www.facebook.com\/baroniadeturis\/\" \/>\n<meta property=\"article:modified_time\" content=\"2021-11-22T06:06:13+00:00\" \/>\n<meta property=\"og:image\" content=\"https:\/\/baroniadeturis.es\/wp-content\/uploads\/2020\/08\/Mistela_moscatel_turis-1.png\" \/>\n\t<meta property=\"og:image:width\" content=\"1500\" \/>\n\t<meta property=\"og:image:height\" content=\"1997\" \/>\n\t<meta property=\"og:image:type\" content=\"image\/png\" \/>\n<meta name=\"twitter:card\" content=\"summary_large_image\" \/>\n<meta name=\"twitter:title\" content=\"Classic mistela Moscatel de Tur\u00eds by Baron\u00eda de Tur\u00eds\" \/>\n<meta name=\"twitter:description\" content=\"Classic and at the same time contemporary Mistela, made with Moscatel grape. Traditional and highly recognized product of our winery.\" \/>\n<meta name=\"twitter:image\" content=\"https:\/\/baroniadeturis.es\/wp-content\/uploads\/2020\/08\/Mistela_moscatel_turis-1.png\" \/>\n<meta name=\"twitter:site\" content=\"@BaroniadeTuris\" \/>\n<script type=\"application\/ld+json\" class=\"yoast-schema-graph\">{\"@context\":\"https:\/\/schema.org\",\"@graph\":[{\"@type\":\"Organization\",\"@id\":\"https:\/\/baroniadeturis.es\/#organization\",\"name\":\"Baron\u00eda de Tur\u00eds Coop. V.\",\"url\":\"https:\/\/baroniadeturis.es\/\",\"sameAs\":[\"https:\/\/www.instagram.com\/baroniadeturis\/?hl=es\",\"https:\/\/www.youtube.com\/channel\/UCAj8ABKeb68PTPyktzWpf7Q\",\"https:\/\/www.facebook.com\/baroniadeturis\/\",\"https:\/\/twitter.com\/BaroniadeTuris\"],\"logo\":{\"@type\":\"ImageObject\",\"inLanguage\":\"en-US\",\"@id\":\"https:\/\/baroniadeturis.es\/#\/schema\/logo\/image\/\",\"url\":\"https:\/\/baroniadeturis.es\/wp-content\/uploads\/2020\/08\/logo-w2020-footer-izq.png\",\"contentUrl\":\"https:\/\/baroniadeturis.es\/wp-content\/uploads\/2020\/08\/logo-w2020-footer-izq.png\",\"width\":300,\"height\":107,\"caption\":\"Baron\u00eda de Tur\u00eds Coop. V.\"},\"image\":{\"@id\":\"https:\/\/baroniadeturis.es\/#\/schema\/logo\/image\/\"}},{\"@type\":\"WebSite\",\"@id\":\"https:\/\/baroniadeturis.es\/#website\",\"url\":\"https:\/\/baroniadeturis.es\/\",\"name\":\"Baron\u00eda de Tur\u00eds\",\"description\":\"Official site of the wine cellar\",\"publisher\":{\"@id\":\"https:\/\/baroniadeturis.es\/#organization\"},\"potentialAction\":[{\"@type\":\"SearchAction\",\"target\":{\"@type\":\"EntryPoint\",\"urlTemplate\":\"https:\/\/baroniadeturis.es\/?s={search_term_string}\"},\"query-input\":\"required name=search_term_string\"}],\"inLanguage\":\"en-US\"},{\"@type\":\"ImageObject\",\"inLanguage\":\"en-US\",\"@id\":\"https:\/\/baroniadeturis.es\/en\/shop\/classic-mistela-moscatel-de-turis\/#primaryimage\",\"url\":\"https:\/\/baroniadeturis.es\/wp-content\/uploads\/2020\/08\/Mistela_moscatel_turis-1.png\",\"contentUrl\":\"https:\/\/baroniadeturis.es\/wp-content\/uploads\/2020\/08\/Mistela_moscatel_turis-1.png\",\"width\":1500,\"height\":1997,\"caption\":\"Mistela cl\u00e1sica Moscatel de Tur\u00eds\"},{\"@type\":\"WebPage\",\"@id\":\"https:\/\/baroniadeturis.es\/en\/shop\/classic-mistela-moscatel-de-turis\/\",\"url\":\"https:\/\/baroniadeturis.es\/en\/shop\/classic-mistela-moscatel-de-turis\/\",\"name\":\"Classic mistela Moscatel de Tur\u00eds &bull; Baron\u00eda de Tur\u00eds\",\"isPartOf\":{\"@id\":\"https:\/\/baroniadeturis.es\/#website\"},\"primaryImageOfPage\":{\"@id\":\"https:\/\/baroniadeturis.es\/en\/shop\/classic-mistela-moscatel-de-turis\/#primaryimage\"},\"datePublished\":\"2015-03-01T07:19:09+00:00\",\"dateModified\":\"2021-11-22T06:06:13+00:00\",\"description\":\"Classic and at the same time contemporary Mistela, made with Moscatel grape. Traditional and highly recognized product of our winery.\",\"breadcrumb\":{\"@id\":\"https:\/\/baroniadeturis.es\/en\/shop\/classic-mistela-moscatel-de-turis\/#breadcrumb\"},\"inLanguage\":\"en-US\",\"potentialAction\":[{\"@type\":\"ReadAction\",\"target\":[\"https:\/\/baroniadeturis.es\/en\/shop\/classic-mistela-moscatel-de-turis\/\"]}]},{\"@type\":\"BreadcrumbList\",\"@id\":\"https:\/\/baroniadeturis.es\/en\/shop\/classic-mistela-moscatel-de-turis\/#breadcrumb\",\"itemListElement\":[{\"@type\":\"ListItem\",\"position\":1,\"name\":\"Portada\",\"item\":\"https:\/\/baroniadeturis.es\/en\/\"},{\"@type\":\"ListItem\",\"position\":2,\"name\":\"Shop\",\"item\":\"https:\/\/baroniadeturis.es\/en\/shop\/\"},{\"@type\":\"ListItem\",\"position\":3,\"name\":\"Classic mistela Moscatel de Tur\u00eds\"}]}]}<\/script>\n<!-- \/ Yoast SEO plugin. -->","yoast_head_json":{"title":"Classic mistela Moscatel de Tur\u00eds &bull; Baron\u00eda de Tur\u00eds","description":"Classic and at the same time contemporary Mistela, made with Moscatel grape. Traditional and highly recognized product of our winery.","robots":{"index":"index","follow":"follow","max-snippet":"max-snippet:-1","max-image-preview":"max-image-preview:large","max-video-preview":"max-video-preview:-1"},"canonical":"https:\/\/baroniadeturis.es\/en\/shop\/classic-mistela-moscatel-de-turis\/","og_locale":"en_US","og_type":"article","og_title":"Classic mistela Moscatel de Tur\u00eds by Baron\u00eda de Tur\u00eds","og_description":"Classic and at the same time contemporary Mistela, made with Moscatel grape. Traditional and highly recognized product of our winery.","og_url":"https:\/\/baroniadeturis.es\/en\/shop\/classic-mistela-moscatel-de-turis\/","og_site_name":"Baron\u00eda de Tur\u00eds","article_publisher":"https:\/\/www.facebook.com\/baroniadeturis\/","article_modified_time":"2021-11-22T06:06:13+00:00","og_image":[{"width":1500,"height":1997,"url":"https:\/\/baroniadeturis.es\/wp-content\/uploads\/2020\/08\/Mistela_moscatel_turis-1.png","type":"image\/png"}],"twitter_card":"summary_large_image","twitter_title":"Classic mistela Moscatel de Tur\u00eds by Baron\u00eda de Tur\u00eds","twitter_description":"Classic and at the same time contemporary Mistela, made with Moscatel grape. Traditional and highly recognized product of our winery.","twitter_image":"https:\/\/baroniadeturis.es\/wp-content\/uploads\/2020\/08\/Mistela_moscatel_turis-1.png","twitter_site":"@BaroniadeTuris","schema":{"@context":"https:\/\/schema.org","@graph":[{"@type":"Organization","@id":"https:\/\/baroniadeturis.es\/#organization","name":"Baron\u00eda de Tur\u00eds Coop. V.","url":"https:\/\/baroniadeturis.es\/","sameAs":["https:\/\/www.instagram.com\/baroniadeturis\/?hl=es","https:\/\/www.youtube.com\/channel\/UCAj8ABKeb68PTPyktzWpf7Q","https:\/\/www.facebook.com\/baroniadeturis\/","https:\/\/twitter.com\/BaroniadeTuris"],"logo":{"@type":"ImageObject","inLanguage":"en-US","@id":"https:\/\/baroniadeturis.es\/#\/schema\/logo\/image\/","url":"https:\/\/baroniadeturis.es\/wp-content\/uploads\/2020\/08\/logo-w2020-footer-izq.png","contentUrl":"https:\/\/baroniadeturis.es\/wp-content\/uploads\/2020\/08\/logo-w2020-footer-izq.png","width":300,"height":107,"caption":"Baron\u00eda de Tur\u00eds Coop. V."},"image":{"@id":"https:\/\/baroniadeturis.es\/#\/schema\/logo\/image\/"}},{"@type":"WebSite","@id":"https:\/\/baroniadeturis.es\/#website","url":"https:\/\/baroniadeturis.es\/","name":"Baron\u00eda de Tur\u00eds","description":"Official site of the wine cellar","publisher":{"@id":"https:\/\/baroniadeturis.es\/#organization"},"potentialAction":[{"@type":"SearchAction","target":{"@type":"EntryPoint","urlTemplate":"https:\/\/baroniadeturis.es\/?s={search_term_string}"},"query-input":"required name=search_term_string"}],"inLanguage":"en-US"},{"@type":"ImageObject","inLanguage":"en-US","@id":"https:\/\/baroniadeturis.es\/en\/shop\/classic-mistela-moscatel-de-turis\/#primaryimage","url":"https:\/\/baroniadeturis.es\/wp-content\/uploads\/2020\/08\/Mistela_moscatel_turis-1.png","contentUrl":"https:\/\/baroniadeturis.es\/wp-content\/uploads\/2020\/08\/Mistela_moscatel_turis-1.png","width":1500,"height":1997,"caption":"Mistela cl\u00e1sica Moscatel de Tur\u00eds"},{"@type":"WebPage","@id":"https:\/\/baroniadeturis.es\/en\/shop\/classic-mistela-moscatel-de-turis\/","url":"https:\/\/baroniadeturis.es\/en\/shop\/classic-mistela-moscatel-de-turis\/","name":"Classic mistela Moscatel de Tur\u00eds &bull; Baron\u00eda de Tur\u00eds","isPartOf":{"@id":"https:\/\/baroniadeturis.es\/#website"},"primaryImageOfPage":{"@id":"https:\/\/baroniadeturis.es\/en\/shop\/classic-mistela-moscatel-de-turis\/#primaryimage"},"datePublished":"2015-03-01T07:19:09+00:00","dateModified":"2021-11-22T06:06:13+00:00","description":"Classic and at the same time contemporary Mistela, made with Moscatel grape. Traditional and highly recognized product of our winery.","breadcrumb":{"@id":"https:\/\/baroniadeturis.es\/en\/shop\/classic-mistela-moscatel-de-turis\/#breadcrumb"},"inLanguage":"en-US","potentialAction":[{"@type":"ReadAction","target":["https:\/\/baroniadeturis.es\/en\/shop\/classic-mistela-moscatel-de-turis\/"]}]},{"@type":"BreadcrumbList","@id":"https:\/\/baroniadeturis.es\/en\/shop\/classic-mistela-moscatel-de-turis\/#breadcrumb","itemListElement":[{"@type":"ListItem","position":1,"name":"Portada","item":"https:\/\/baroniadeturis.es\/en\/"},{"@type":"ListItem","position":2,"name":"Shop","item":"https:\/\/baroniadeturis.es\/en\/shop\/"},{"@type":"ListItem","position":3,"name":"Classic mistela Moscatel de Tur\u00eds"}]}]}},"_links":{"self":[{"href":"https:\/\/baroniadeturis.es\/en\/wp-json\/wp\/v2\/product\/4542"}],"collection":[{"href":"https:\/\/baroniadeturis.es\/en\/wp-json\/wp\/v2\/product"}],"about":[{"href":"https:\/\/baroniadeturis.es\/en\/wp-json\/wp\/v2\/types\/product"}],"replies":[{"embeddable":true,"href":"https:\/\/baroniadeturis.es\/en\/wp-json\/wp\/v2\/comments?post=4542"}],"wp:featuredmedia":[{"embeddable":true,"href":"https:\/\/baroniadeturis.es\/en\/wp-json\/wp\/v2\/media\/7292"}],"wp:attachment":[{"href":"https:\/\/baroniadeturis.es\/en\/wp-json\/wp\/v2\/media?parent=4542"}],"wp:term":[{"taxonomy":"product_cat","embeddable":true,"href":"https:\/\/baroniadeturis.es\/en\/wp-json\/wp\/v2\/product_cat?post=4542"},{"taxonomy":"product_tag","embeddable":true,"href":"https:\/\/baroniadeturis.es\/en\/wp-json\/wp\/v2\/product_tag?post=4542"}],"curies":[{"name":"wp","href":"https:\/\/api.w.org\/{rel}","templated":true}]}}