{"id":4517,"date":"2015-03-01T08:25:02","date_gmt":"2015-03-01T06:25:02","guid":{"rendered":"http:\/\/baroniadeturis.es\/product\/sangria-tinta-2\/"},"modified":"2021-11-22T08:06:46","modified_gmt":"2021-11-22T06:06:46","slug":"red-sangria-aromas-de-turis","status":"publish","type":"product","link":"https:\/\/baroniadeturis.es\/en\/shop\/red-sangria-aromas-de-turis\/","title":{"rendered":"Red sangria Aromas de Tur\u00eds"},"content":{"rendered":"","protected":false},"excerpt":{"rendered":"","protected":false},"featured_media":8528,"comment_status":"open","ping_status":"closed","template":"","meta":[],"product_cat":[225],"product_tag":[293,290,291,284],"acf":[],"yoast_head":"<!-- This site is optimized with the Yoast SEO plugin v19.3 - https:\/\/yoast.com\/wordpress\/plugins\/seo\/ -->\n<title>Traditional red sangria Aromas de Tur\u00eds &bull; Baron\u00eda de Tur\u00eds<\/title>\n<meta name=\"description\" content=\"100% natural and authentically Mediterranean red sangria. Ideal for aperitifs, cocktails or between meals. Bright cherry red color.\" \/>\n<meta name=\"robots\" content=\"index, follow, max-snippet:-1, max-image-preview:large, max-video-preview:-1\" \/>\n<link rel=\"canonical\" href=\"https:\/\/baroniadeturis.es\/en\/shop\/red-sangria-aromas-de-turis\/\" \/>\n<meta property=\"og:locale\" content=\"en_US\" \/>\n<meta property=\"og:type\" content=\"article\" \/>\n<meta property=\"og:title\" content=\"Traditional red sangria Aromas de Tur\u00eds\" \/>\n<meta property=\"og:description\" content=\"100% natural and authentically Mediterranean red sangria. Ideal for aperitifs, cocktails or between meals. Bright cherry red color.\" \/>\n<meta property=\"og:url\" content=\"https:\/\/baroniadeturis.es\/en\/shop\/red-sangria-aromas-de-turis\/\" \/>\n<meta property=\"og:site_name\" content=\"Baron\u00eda de Tur\u00eds\" \/>\n<meta property=\"article:publisher\" content=\"https:\/\/www.facebook.com\/baroniadeturis\/\" \/>\n<meta property=\"article:modified_time\" content=\"2021-11-22T06:06:46+00:00\" \/>\n<meta property=\"og:image\" content=\"https:\/\/baroniadeturis.es\/wp-content\/uploads\/2020\/08\/Aromas_de_turis.png\" \/>\n\t<meta property=\"og:image:width\" content=\"1500\" \/>\n\t<meta property=\"og:image:height\" content=\"1997\" \/>\n\t<meta property=\"og:image:type\" content=\"image\/png\" \/>\n<meta name=\"twitter:card\" content=\"summary_large_image\" \/>\n<meta name=\"twitter:title\" content=\"Traditional red sangria Aromas de Tur\u00eds\" \/>\n<meta name=\"twitter:description\" content=\"100% natural and authentically Mediterranean red sangria. Ideal for aperitifs, cocktails or between meals. Bright cherry red color.\" \/>\n<meta name=\"twitter:image\" content=\"https:\/\/baroniadeturis.es\/wp-content\/uploads\/2020\/08\/Aromas_de_turis.png\" \/>\n<meta name=\"twitter:site\" content=\"@BaroniadeTuris\" \/>\n<script type=\"application\/ld+json\" class=\"yoast-schema-graph\">{\"@context\":\"https:\/\/schema.org\",\"@graph\":[{\"@type\":\"Organization\",\"@id\":\"https:\/\/baroniadeturis.es\/#organization\",\"name\":\"Baron\u00eda de Tur\u00eds Coop. V.\",\"url\":\"https:\/\/baroniadeturis.es\/\",\"sameAs\":[\"https:\/\/www.instagram.com\/baroniadeturis\/?hl=es\",\"https:\/\/www.youtube.com\/channel\/UCAj8ABKeb68PTPyktzWpf7Q\",\"https:\/\/www.facebook.com\/baroniadeturis\/\",\"https:\/\/twitter.com\/BaroniadeTuris\"],\"logo\":{\"@type\":\"ImageObject\",\"inLanguage\":\"en-US\",\"@id\":\"https:\/\/baroniadeturis.es\/#\/schema\/logo\/image\/\",\"url\":\"https:\/\/baroniadeturis.es\/wp-content\/uploads\/2020\/08\/logo-w2020-footer-izq.png\",\"contentUrl\":\"https:\/\/baroniadeturis.es\/wp-content\/uploads\/2020\/08\/logo-w2020-footer-izq.png\",\"width\":300,\"height\":107,\"caption\":\"Baron\u00eda de Tur\u00eds Coop. V.\"},\"image\":{\"@id\":\"https:\/\/baroniadeturis.es\/#\/schema\/logo\/image\/\"}},{\"@type\":\"WebSite\",\"@id\":\"https:\/\/baroniadeturis.es\/#website\",\"url\":\"https:\/\/baroniadeturis.es\/\",\"name\":\"Baron\u00eda de Tur\u00eds\",\"description\":\"Official site of the wine cellar\",\"publisher\":{\"@id\":\"https:\/\/baroniadeturis.es\/#organization\"},\"potentialAction\":[{\"@type\":\"SearchAction\",\"target\":{\"@type\":\"EntryPoint\",\"urlTemplate\":\"https:\/\/baroniadeturis.es\/?s={search_term_string}\"},\"query-input\":\"required name=search_term_string\"}],\"inLanguage\":\"en-US\"},{\"@type\":\"ImageObject\",\"inLanguage\":\"en-US\",\"@id\":\"https:\/\/baroniadeturis.es\/en\/shop\/red-sangria-aromas-de-turis\/#primaryimage\",\"url\":\"https:\/\/baroniadeturis.es\/wp-content\/uploads\/2020\/09\/Aromas_de_turis_NUEVA.png\",\"contentUrl\":\"https:\/\/baroniadeturis.es\/wp-content\/uploads\/2020\/09\/Aromas_de_turis_NUEVA.png\",\"width\":960,\"height\":1279,\"caption\":\"Sangr\u00eda tinta tradicional Aromas de Tur\u00eds\"},{\"@type\":\"WebPage\",\"@id\":\"https:\/\/baroniadeturis.es\/en\/shop\/red-sangria-aromas-de-turis\/\",\"url\":\"https:\/\/baroniadeturis.es\/en\/shop\/red-sangria-aromas-de-turis\/\",\"name\":\"Traditional red sangria Aromas de Tur\u00eds &bull; Baron\u00eda de Tur\u00eds\",\"isPartOf\":{\"@id\":\"https:\/\/baroniadeturis.es\/#website\"},\"primaryImageOfPage\":{\"@id\":\"https:\/\/baroniadeturis.es\/en\/shop\/red-sangria-aromas-de-turis\/#primaryimage\"},\"datePublished\":\"2015-03-01T06:25:02+00:00\",\"dateModified\":\"2021-11-22T06:06:46+00:00\",\"description\":\"100% natural and authentically Mediterranean red sangria. Ideal for aperitifs, cocktails or between meals. Bright cherry red color.\",\"breadcrumb\":{\"@id\":\"https:\/\/baroniadeturis.es\/en\/shop\/red-sangria-aromas-de-turis\/#breadcrumb\"},\"inLanguage\":\"en-US\",\"potentialAction\":[{\"@type\":\"ReadAction\",\"target\":[\"https:\/\/baroniadeturis.es\/en\/shop\/red-sangria-aromas-de-turis\/\"]}]},{\"@type\":\"BreadcrumbList\",\"@id\":\"https:\/\/baroniadeturis.es\/en\/shop\/red-sangria-aromas-de-turis\/#breadcrumb\",\"itemListElement\":[{\"@type\":\"ListItem\",\"position\":1,\"name\":\"Portada\",\"item\":\"https:\/\/baroniadeturis.es\/en\/\"},{\"@type\":\"ListItem\",\"position\":2,\"name\":\"Shop\",\"item\":\"https:\/\/baroniadeturis.es\/en\/shop\/\"},{\"@type\":\"ListItem\",\"position\":3,\"name\":\"Red sangria Aromas de Tur\u00eds\"}]}]}<\/script>\n<!-- \/ Yoast SEO plugin. -->","yoast_head_json":{"title":"Traditional red sangria Aromas de Tur\u00eds &bull; Baron\u00eda de Tur\u00eds","description":"100% natural and authentically Mediterranean red sangria. Ideal for aperitifs, cocktails or between meals. Bright cherry red color.","robots":{"index":"index","follow":"follow","max-snippet":"max-snippet:-1","max-image-preview":"max-image-preview:large","max-video-preview":"max-video-preview:-1"},"canonical":"https:\/\/baroniadeturis.es\/en\/shop\/red-sangria-aromas-de-turis\/","og_locale":"en_US","og_type":"article","og_title":"Traditional red sangria Aromas de Tur\u00eds","og_description":"100% natural and authentically Mediterranean red sangria. Ideal for aperitifs, cocktails or between meals. Bright cherry red color.","og_url":"https:\/\/baroniadeturis.es\/en\/shop\/red-sangria-aromas-de-turis\/","og_site_name":"Baron\u00eda de Tur\u00eds","article_publisher":"https:\/\/www.facebook.com\/baroniadeturis\/","article_modified_time":"2021-11-22T06:06:46+00:00","og_image":[{"width":1500,"height":1997,"url":"https:\/\/baroniadeturis.es\/wp-content\/uploads\/2020\/08\/Aromas_de_turis.png","type":"image\/png"}],"twitter_card":"summary_large_image","twitter_title":"Traditional red sangria Aromas de Tur\u00eds","twitter_description":"100% natural and authentically Mediterranean red sangria. Ideal for aperitifs, cocktails or between meals. Bright cherry red color.","twitter_image":"https:\/\/baroniadeturis.es\/wp-content\/uploads\/2020\/08\/Aromas_de_turis.png","twitter_site":"@BaroniadeTuris","schema":{"@context":"https:\/\/schema.org","@graph":[{"@type":"Organization","@id":"https:\/\/baroniadeturis.es\/#organization","name":"Baron\u00eda de Tur\u00eds Coop. V.","url":"https:\/\/baroniadeturis.es\/","sameAs":["https:\/\/www.instagram.com\/baroniadeturis\/?hl=es","https:\/\/www.youtube.com\/channel\/UCAj8ABKeb68PTPyktzWpf7Q","https:\/\/www.facebook.com\/baroniadeturis\/","https:\/\/twitter.com\/BaroniadeTuris"],"logo":{"@type":"ImageObject","inLanguage":"en-US","@id":"https:\/\/baroniadeturis.es\/#\/schema\/logo\/image\/","url":"https:\/\/baroniadeturis.es\/wp-content\/uploads\/2020\/08\/logo-w2020-footer-izq.png","contentUrl":"https:\/\/baroniadeturis.es\/wp-content\/uploads\/2020\/08\/logo-w2020-footer-izq.png","width":300,"height":107,"caption":"Baron\u00eda de Tur\u00eds Coop. V."},"image":{"@id":"https:\/\/baroniadeturis.es\/#\/schema\/logo\/image\/"}},{"@type":"WebSite","@id":"https:\/\/baroniadeturis.es\/#website","url":"https:\/\/baroniadeturis.es\/","name":"Baron\u00eda de Tur\u00eds","description":"Official site of the wine cellar","publisher":{"@id":"https:\/\/baroniadeturis.es\/#organization"},"potentialAction":[{"@type":"SearchAction","target":{"@type":"EntryPoint","urlTemplate":"https:\/\/baroniadeturis.es\/?s={search_term_string}"},"query-input":"required name=search_term_string"}],"inLanguage":"en-US"},{"@type":"ImageObject","inLanguage":"en-US","@id":"https:\/\/baroniadeturis.es\/en\/shop\/red-sangria-aromas-de-turis\/#primaryimage","url":"https:\/\/baroniadeturis.es\/wp-content\/uploads\/2020\/09\/Aromas_de_turis_NUEVA.png","contentUrl":"https:\/\/baroniadeturis.es\/wp-content\/uploads\/2020\/09\/Aromas_de_turis_NUEVA.png","width":960,"height":1279,"caption":"Sangr\u00eda tinta tradicional Aromas de Tur\u00eds"},{"@type":"WebPage","@id":"https:\/\/baroniadeturis.es\/en\/shop\/red-sangria-aromas-de-turis\/","url":"https:\/\/baroniadeturis.es\/en\/shop\/red-sangria-aromas-de-turis\/","name":"Traditional red sangria Aromas de Tur\u00eds &bull; Baron\u00eda de Tur\u00eds","isPartOf":{"@id":"https:\/\/baroniadeturis.es\/#website"},"primaryImageOfPage":{"@id":"https:\/\/baroniadeturis.es\/en\/shop\/red-sangria-aromas-de-turis\/#primaryimage"},"datePublished":"2015-03-01T06:25:02+00:00","dateModified":"2021-11-22T06:06:46+00:00","description":"100% natural and authentically Mediterranean red sangria. Ideal for aperitifs, cocktails or between meals. Bright cherry red color.","breadcrumb":{"@id":"https:\/\/baroniadeturis.es\/en\/shop\/red-sangria-aromas-de-turis\/#breadcrumb"},"inLanguage":"en-US","potentialAction":[{"@type":"ReadAction","target":["https:\/\/baroniadeturis.es\/en\/shop\/red-sangria-aromas-de-turis\/"]}]},{"@type":"BreadcrumbList","@id":"https:\/\/baroniadeturis.es\/en\/shop\/red-sangria-aromas-de-turis\/#breadcrumb","itemListElement":[{"@type":"ListItem","position":1,"name":"Portada","item":"https:\/\/baroniadeturis.es\/en\/"},{"@type":"ListItem","position":2,"name":"Shop","item":"https:\/\/baroniadeturis.es\/en\/shop\/"},{"@type":"ListItem","position":3,"name":"Red sangria Aromas de Tur\u00eds"}]}]}},"_links":{"self":[{"href":"https:\/\/baroniadeturis.es\/en\/wp-json\/wp\/v2\/product\/4517"}],"collection":[{"href":"https:\/\/baroniadeturis.es\/en\/wp-json\/wp\/v2\/product"}],"about":[{"href":"https:\/\/baroniadeturis.es\/en\/wp-json\/wp\/v2\/types\/product"}],"replies":[{"embeddable":true,"href":"https:\/\/baroniadeturis.es\/en\/wp-json\/wp\/v2\/comments?post=4517"}],"wp:featuredmedia":[{"embeddable":true,"href":"https:\/\/baroniadeturis.es\/en\/wp-json\/wp\/v2\/media\/8528"}],"wp:attachment":[{"href":"https:\/\/baroniadeturis.es\/en\/wp-json\/wp\/v2\/media?parent=4517"}],"wp:term":[{"taxonomy":"product_cat","embeddable":true,"href":"https:\/\/baroniadeturis.es\/en\/wp-json\/wp\/v2\/product_cat?post=4517"},{"taxonomy":"product_tag","embeddable":true,"href":"https:\/\/baroniadeturis.es\/en\/wp-json\/wp\/v2\/product_tag?post=4517"}],"curies":[{"name":"wp","href":"https:\/\/api.w.org\/{rel}","templated":true}]}}