{"id":4478,"date":"2015-06-03T16:49:40","date_gmt":"2015-06-03T14:49:40","guid":{"rendered":"http:\/\/baroniadeturis.es\/product\/baronia-de-turis-premium-2\/"},"modified":"2021-11-22T08:03:08","modified_gmt":"2021-11-22T06:03:08","slug":"red-wine-bag-in-box-baronia-premium","status":"publish","type":"product","link":"https:\/\/baroniadeturis.es\/en\/shop\/red-wine-bag-in-box-baronia-premium\/","title":{"rendered":"Red wine Bag In Box Baron\u00eda Premium"},"content":{"rendered":"<div class=\"fusion-fullwidth fullwidth-box fusion-builder-row-1 fusion-flex-container nonhundred-percent-fullwidth non-hundred-percent-height-scrolling\" style=\"background-color: rgba(255,255,255,0);background-position: center center;background-repeat: no-repeat;border-width: 0px 0px 0px 0px;border-color:#e2e2e2;border-style:solid;\" ><div class=\"fusion-builder-row fusion-row fusion-flex-align-items-flex-start\" style=\"max-width:1248px;margin-left: calc(-4% \/ 2 );margin-right: calc(-4% \/ 2 );\"><div class=\"fusion-layout-column fusion_builder_column fusion-builder-column-0 fusion_builder_column_1_1 1_1 fusion-flex-column\"><div class=\"fusion-column-wrapper fusion-flex-justify-content-flex-start fusion-content-layout-column\" style=\"background-position:left top;background-repeat:no-repeat;-webkit-background-size:cover;-moz-background-size:cover;-o-background-size:cover;background-size:cover;padding: 0px 0px 0px 0px;\"><div class=\"fusion-text fusion-text-1\"><p>Red wine from the <a href=\"http:\/\/www.dovalencia.info\/\" target=\"_blank\" rel=\"noopener noreferrer\">DO Valencia<\/a> made from selected grapes of the varieties <a href=\"https:\/\/baroniadeturis.es\/en\/tags\/merlot-en\/\">Merlot<\/a> and <a href=\"https:\/\/baroniadeturis.es\/en\/tags\/tempranillo-en\/\">Tempranillo<\/a> and packaged in <a href=\"https:\/\/baroniadeturis.es\/en\/tags\/bag-in-box-en\/\">Bag In Box<\/a> of 5 liters. Baron\u00eda Premium receives our utmost care. The objective of the winemaker is to enhance the characteristics of the varieties. After a pre-fermentation maceration in order to extract the greatest amount of color and aromas, an alcoholic fermentation is carried out at a controlled temperature. Once the malolactic fermentation has finished, the wine is subjected to a short period of aging in American oak barrels.<\/p>\n<p>Ideal to be enjoyed with all kinds of Mediterranean dishes. Superb with duck and chicken dishes. Serving temperature: 16-18\u00baC.<\/p>\n<\/div><\/div><style type=\"text\/css\">.fusion-body .fusion-builder-column-0{width:100% !important;margin-top : 0px;margin-bottom : 20px;}.fusion-builder-column-0 > .fusion-column-wrapper {padding-top : 0px !important;padding-right : 0px !important;margin-right : 1.92%;padding-bottom : 0px !important;padding-left : 0px !important;margin-left : 1.92%;}@media only screen and (max-width:1024px) {.fusion-body .fusion-builder-column-0{width:100% !important;order : 0;}.fusion-builder-column-0 > .fusion-column-wrapper {margin-right : 1.92%;margin-left : 1.92%;}}@media only screen and (max-width:640px) {.fusion-body .fusion-builder-column-0{width:100% !important;order : 0;}.fusion-builder-column-0 > .fusion-column-wrapper {margin-right : 1.92%;margin-left : 1.92%;}}<\/style><\/div><\/div><style type=\"text\/css\">.fusion-body .fusion-flex-container.fusion-builder-row-1{ padding-top : 0px;margin-top : 0px;padding-right : 0px;padding-bottom : 0px;margin-bottom : 0px;padding-left : 0px;}<\/style><\/div>\n","protected":false},"excerpt":{"rendered":"","protected":false},"featured_media":7248,"comment_status":"open","ping_status":"closed","template":"","meta":[],"product_cat":[228],"product_tag":[379,375,535,233,291],"acf":[],"yoast_head":"<!-- This site is optimized with the Yoast SEO plugin v19.3 - https:\/\/yoast.com\/wordpress\/plugins\/seo\/ -->\n<title>Red wine Bag In Box Baron\u00eda Premium &bull; Baron\u00eda de Tur\u00eds<\/title>\n<meta name=\"description\" content=\"Balanced and sweet red wine, packed in Bag in Box 5l. With a long finish, it pairs with Mediterranean dishes, duck and grilled red meat.\" \/>\n<meta name=\"robots\" content=\"index, follow, max-snippet:-1, max-image-preview:large, max-video-preview:-1\" \/>\n<link rel=\"canonical\" href=\"https:\/\/baroniadeturis.es\/en\/shop\/red-wine-bag-in-box-baronia-premium\/\" \/>\n<meta property=\"og:locale\" content=\"en_US\" \/>\n<meta property=\"og:type\" content=\"article\" \/>\n<meta property=\"og:title\" content=\"Red wine Bag In Box Baron\u00eda Premium by Baron\u00eda de Tur\u00eds\" \/>\n<meta property=\"og:description\" content=\"Balanced and sweet red wine, packed in Bag in Box 5l. With a long finish, it pairs with Mediterranean dishes, duck and grilled red meat.\" \/>\n<meta property=\"og:url\" content=\"https:\/\/baroniadeturis.es\/en\/shop\/red-wine-bag-in-box-baronia-premium\" \/>\n<meta property=\"og:site_name\" content=\"Baron\u00eda de Tur\u00eds\" \/>\n<meta property=\"article:publisher\" content=\"https:\/\/www.facebook.com\/baroniadeturis\/\" \/>\n<meta property=\"article:modified_time\" content=\"2021-11-22T06:03:08+00:00\" \/>\n<meta property=\"og:image\" content=\"https:\/\/baroniadeturis.es\/wp-content\/uploads\/2020\/08\/BIB_Baronia.png\" \/>\n\t<meta property=\"og:image:width\" content=\"1500\" \/>\n\t<meta property=\"og:image:height\" content=\"1997\" \/>\n\t<meta property=\"og:image:type\" content=\"image\/png\" \/>\n<meta name=\"twitter:card\" content=\"summary_large_image\" \/>\n<meta name=\"twitter:title\" content=\"Red wine Bag In Box Baron\u00eda Premium by Baron\u00eda de Tur\u00eds\" \/>\n<meta name=\"twitter:description\" content=\"Balanced and sweet red wine, packed in Bag in Box 5l. With a long finish, it pairs with Mediterranean dishes, duck and grilled red meat.\" \/>\n<meta name=\"twitter:image\" content=\"https:\/\/baroniadeturis.es\/wp-content\/uploads\/2020\/08\/BIB_Baronia.png\" \/>\n<meta name=\"twitter:site\" content=\"@BaroniadeTuris\" \/>\n<script type=\"application\/ld+json\" class=\"yoast-schema-graph\">{\"@context\":\"https:\/\/schema.org\",\"@graph\":[{\"@type\":\"Organization\",\"@id\":\"https:\/\/baroniadeturis.es\/#organization\",\"name\":\"Baron\u00eda de Tur\u00eds Coop. V.\",\"url\":\"https:\/\/baroniadeturis.es\/\",\"sameAs\":[\"https:\/\/www.instagram.com\/baroniadeturis\/?hl=es\",\"https:\/\/www.youtube.com\/channel\/UCAj8ABKeb68PTPyktzWpf7Q\",\"https:\/\/www.facebook.com\/baroniadeturis\/\",\"https:\/\/twitter.com\/BaroniadeTuris\"],\"logo\":{\"@type\":\"ImageObject\",\"inLanguage\":\"en-US\",\"@id\":\"https:\/\/baroniadeturis.es\/#\/schema\/logo\/image\/\",\"url\":\"https:\/\/baroniadeturis.es\/wp-content\/uploads\/2020\/08\/logo-w2020-footer-izq.png\",\"contentUrl\":\"https:\/\/baroniadeturis.es\/wp-content\/uploads\/2020\/08\/logo-w2020-footer-izq.png\",\"width\":300,\"height\":107,\"caption\":\"Baron\u00eda de Tur\u00eds Coop. V.\"},\"image\":{\"@id\":\"https:\/\/baroniadeturis.es\/#\/schema\/logo\/image\/\"}},{\"@type\":\"WebSite\",\"@id\":\"https:\/\/baroniadeturis.es\/#website\",\"url\":\"https:\/\/baroniadeturis.es\/\",\"name\":\"Baron\u00eda de Tur\u00eds\",\"description\":\"Official site of the wine cellar\",\"publisher\":{\"@id\":\"https:\/\/baroniadeturis.es\/#organization\"},\"potentialAction\":[{\"@type\":\"SearchAction\",\"target\":{\"@type\":\"EntryPoint\",\"urlTemplate\":\"https:\/\/baroniadeturis.es\/?s={search_term_string}\"},\"query-input\":\"required name=search_term_string\"}],\"inLanguage\":\"en-US\"},{\"@type\":\"ImageObject\",\"inLanguage\":\"en-US\",\"@id\":\"https:\/\/baroniadeturis.es\/en\/shop\/red-wine-bag-in-box-baronia-premium#primaryimage\",\"url\":\"https:\/\/baroniadeturis.es\/wp-content\/uploads\/2020\/08\/BIB_Baronia.png\",\"contentUrl\":\"https:\/\/baroniadeturis.es\/wp-content\/uploads\/2020\/08\/BIB_Baronia.png\",\"width\":1500,\"height\":1997,\"caption\":\"Balanced and sweet red wine, packed in Bag in Box 5l. With a long finish, it pairs with Mediterranean dishes, duck and grilled red meat.\"},{\"@type\":\"WebPage\",\"@id\":\"https:\/\/baroniadeturis.es\/en\/shop\/red-wine-bag-in-box-baronia-premium\/\",\"url\":\"https:\/\/baroniadeturis.es\/en\/shop\/red-wine-bag-in-box-baronia-premium\",\"name\":\"Red wine Bag In Box Baron\u00eda Premium &bull; Baron\u00eda de Tur\u00eds\",\"isPartOf\":{\"@id\":\"https:\/\/baroniadeturis.es\/#website\"},\"primaryImageOfPage\":{\"@id\":\"https:\/\/baroniadeturis.es\/en\/shop\/red-wine-bag-in-box-baronia-premium#primaryimage\"},\"datePublished\":\"2015-06-03T14:49:40+00:00\",\"dateModified\":\"2021-11-22T06:03:08+00:00\",\"description\":\"Balanced and sweet red wine, packed in Bag in Box 5l. With a long finish, it pairs with Mediterranean dishes, duck and grilled red meat.\",\"breadcrumb\":{\"@id\":\"https:\/\/baroniadeturis.es\/en\/shop\/red-wine-bag-in-box-baronia-premium#breadcrumb\"},\"inLanguage\":\"en-US\",\"potentialAction\":[{\"@type\":\"ReadAction\",\"target\":[\"https:\/\/baroniadeturis.es\/en\/shop\/red-wine-bag-in-box-baronia-premium\"]}]},{\"@type\":\"BreadcrumbList\",\"@id\":\"https:\/\/baroniadeturis.es\/en\/shop\/red-wine-bag-in-box-baronia-premium#breadcrumb\",\"itemListElement\":[{\"@type\":\"ListItem\",\"position\":1,\"name\":\"Portada\",\"item\":\"https:\/\/baroniadeturis.es\/en\/\"},{\"@type\":\"ListItem\",\"position\":2,\"name\":\"Shop\",\"item\":\"https:\/\/baroniadeturis.es\/en\/shop\/\"},{\"@type\":\"ListItem\",\"position\":3,\"name\":\"Red wine Bag In Box Baron\u00eda Premium\"}]}]}<\/script>\n<!-- \/ Yoast SEO plugin. -->","yoast_head_json":{"title":"Red wine Bag In Box Baron\u00eda Premium &bull; Baron\u00eda de Tur\u00eds","description":"Balanced and sweet red wine, packed in Bag in Box 5l. With a long finish, it pairs with Mediterranean dishes, duck and grilled red meat.","robots":{"index":"index","follow":"follow","max-snippet":"max-snippet:-1","max-image-preview":"max-image-preview:large","max-video-preview":"max-video-preview:-1"},"canonical":"https:\/\/baroniadeturis.es\/en\/shop\/red-wine-bag-in-box-baronia-premium\/","og_locale":"en_US","og_type":"article","og_title":"Red wine Bag In Box Baron\u00eda Premium by Baron\u00eda de Tur\u00eds","og_description":"Balanced and sweet red wine, packed in Bag in Box 5l. With a long finish, it pairs with Mediterranean dishes, duck and grilled red meat.","og_url":"https:\/\/baroniadeturis.es\/en\/shop\/red-wine-bag-in-box-baronia-premium","og_site_name":"Baron\u00eda de Tur\u00eds","article_publisher":"https:\/\/www.facebook.com\/baroniadeturis\/","article_modified_time":"2021-11-22T06:03:08+00:00","og_image":[{"width":1500,"height":1997,"url":"https:\/\/baroniadeturis.es\/wp-content\/uploads\/2020\/08\/BIB_Baronia.png","type":"image\/png"}],"twitter_card":"summary_large_image","twitter_title":"Red wine Bag In Box Baron\u00eda Premium by Baron\u00eda de Tur\u00eds","twitter_description":"Balanced and sweet red wine, packed in Bag in Box 5l. With a long finish, it pairs with Mediterranean dishes, duck and grilled red meat.","twitter_image":"https:\/\/baroniadeturis.es\/wp-content\/uploads\/2020\/08\/BIB_Baronia.png","twitter_site":"@BaroniadeTuris","schema":{"@context":"https:\/\/schema.org","@graph":[{"@type":"Organization","@id":"https:\/\/baroniadeturis.es\/#organization","name":"Baron\u00eda de Tur\u00eds Coop. V.","url":"https:\/\/baroniadeturis.es\/","sameAs":["https:\/\/www.instagram.com\/baroniadeturis\/?hl=es","https:\/\/www.youtube.com\/channel\/UCAj8ABKeb68PTPyktzWpf7Q","https:\/\/www.facebook.com\/baroniadeturis\/","https:\/\/twitter.com\/BaroniadeTuris"],"logo":{"@type":"ImageObject","inLanguage":"en-US","@id":"https:\/\/baroniadeturis.es\/#\/schema\/logo\/image\/","url":"https:\/\/baroniadeturis.es\/wp-content\/uploads\/2020\/08\/logo-w2020-footer-izq.png","contentUrl":"https:\/\/baroniadeturis.es\/wp-content\/uploads\/2020\/08\/logo-w2020-footer-izq.png","width":300,"height":107,"caption":"Baron\u00eda de Tur\u00eds Coop. V."},"image":{"@id":"https:\/\/baroniadeturis.es\/#\/schema\/logo\/image\/"}},{"@type":"WebSite","@id":"https:\/\/baroniadeturis.es\/#website","url":"https:\/\/baroniadeturis.es\/","name":"Baron\u00eda de Tur\u00eds","description":"Official site of the wine cellar","publisher":{"@id":"https:\/\/baroniadeturis.es\/#organization"},"potentialAction":[{"@type":"SearchAction","target":{"@type":"EntryPoint","urlTemplate":"https:\/\/baroniadeturis.es\/?s={search_term_string}"},"query-input":"required name=search_term_string"}],"inLanguage":"en-US"},{"@type":"ImageObject","inLanguage":"en-US","@id":"https:\/\/baroniadeturis.es\/en\/shop\/red-wine-bag-in-box-baronia-premium#primaryimage","url":"https:\/\/baroniadeturis.es\/wp-content\/uploads\/2020\/08\/BIB_Baronia.png","contentUrl":"https:\/\/baroniadeturis.es\/wp-content\/uploads\/2020\/08\/BIB_Baronia.png","width":1500,"height":1997,"caption":"Balanced and sweet red wine, packed in Bag in Box 5l. With a long finish, it pairs with Mediterranean dishes, duck and grilled red meat."},{"@type":"WebPage","@id":"https:\/\/baroniadeturis.es\/en\/shop\/red-wine-bag-in-box-baronia-premium\/","url":"https:\/\/baroniadeturis.es\/en\/shop\/red-wine-bag-in-box-baronia-premium","name":"Red wine Bag In Box Baron\u00eda Premium &bull; Baron\u00eda de Tur\u00eds","isPartOf":{"@id":"https:\/\/baroniadeturis.es\/#website"},"primaryImageOfPage":{"@id":"https:\/\/baroniadeturis.es\/en\/shop\/red-wine-bag-in-box-baronia-premium#primaryimage"},"datePublished":"2015-06-03T14:49:40+00:00","dateModified":"2021-11-22T06:03:08+00:00","description":"Balanced and sweet red wine, packed in Bag in Box 5l. With a long finish, it pairs with Mediterranean dishes, duck and grilled red meat.","breadcrumb":{"@id":"https:\/\/baroniadeturis.es\/en\/shop\/red-wine-bag-in-box-baronia-premium#breadcrumb"},"inLanguage":"en-US","potentialAction":[{"@type":"ReadAction","target":["https:\/\/baroniadeturis.es\/en\/shop\/red-wine-bag-in-box-baronia-premium"]}]},{"@type":"BreadcrumbList","@id":"https:\/\/baroniadeturis.es\/en\/shop\/red-wine-bag-in-box-baronia-premium#breadcrumb","itemListElement":[{"@type":"ListItem","position":1,"name":"Portada","item":"https:\/\/baroniadeturis.es\/en\/"},{"@type":"ListItem","position":2,"name":"Shop","item":"https:\/\/baroniadeturis.es\/en\/shop\/"},{"@type":"ListItem","position":3,"name":"Red wine Bag In Box Baron\u00eda Premium"}]}]}},"_links":{"self":[{"href":"https:\/\/baroniadeturis.es\/en\/wp-json\/wp\/v2\/product\/4478"}],"collection":[{"href":"https:\/\/baroniadeturis.es\/en\/wp-json\/wp\/v2\/product"}],"about":[{"href":"https:\/\/baroniadeturis.es\/en\/wp-json\/wp\/v2\/types\/product"}],"replies":[{"embeddable":true,"href":"https:\/\/baroniadeturis.es\/en\/wp-json\/wp\/v2\/comments?post=4478"}],"wp:featuredmedia":[{"embeddable":true,"href":"https:\/\/baroniadeturis.es\/en\/wp-json\/wp\/v2\/media\/7248"}],"wp:attachment":[{"href":"https:\/\/baroniadeturis.es\/en\/wp-json\/wp\/v2\/media?parent=4478"}],"wp:term":[{"taxonomy":"product_cat","embeddable":true,"href":"https:\/\/baroniadeturis.es\/en\/wp-json\/wp\/v2\/product_cat?post=4478"},{"taxonomy":"product_tag","embeddable":true,"href":"https:\/\/baroniadeturis.es\/en\/wp-json\/wp\/v2\/product_tag?post=4478"}],"curies":[{"name":"wp","href":"https:\/\/api.w.org\/{rel}","templated":true}]}}