{"id":12874,"date":"2024-03-14T17:52:15","date_gmt":"2024-03-14T15:52:15","guid":{"rendered":"https:\/\/baroniadeturis.es\/?post_type=product&#038;p=12874"},"modified":"2026-04-15T15:44:46","modified_gmt":"2026-04-15T13:44:46","slug":"barrexat-de-la-terreta","status":"publish","type":"product","link":"https:\/\/baroniadeturis.es\/en\/shop\/barrexat-de-la-terreta\/","title":{"rendered":"BarreXat de la Terreta"},"content":{"rendered":"<div class=\"fusion-fullwidth fullwidth-box fusion-builder-row-1 fusion-flex-container nonhundred-percent-fullwidth non-hundred-percent-height-scrolling\" style=\"background-color: rgba(255,255,255,0);background-position: center center;background-repeat: no-repeat;border-width: 0px 0px 0px 0px;border-color:#e2e2e2;border-style:solid;\" ><div class=\"fusion-builder-row fusion-row fusion-flex-align-items-flex-start\" style=\"max-width:1248px;margin-left: calc(-4% \/ 2 );margin-right: calc(-4% \/ 2 );\"><div class=\"fusion-layout-column fusion_builder_column fusion-builder-column-0 fusion_builder_column_1_1 1_1 fusion-flex-column\"><div class=\"fusion-column-wrapper fusion-flex-justify-content-flex-start fusion-content-layout-column\" style=\"background-position:left top;background-repeat:no-repeat;-webkit-background-size:cover;-moz-background-size:cover;-o-background-size:cover;background-size:cover;padding: 0px 0px 0px 0px;\"><div class=\"fusion-text fusion-text-1\"><p>Barrejat de la Terreta is made with the best dry aniseed from Destilerias Cerver\u00f3 and a specially selected mistela from La Baron\u00eda de Tur\u00eds, in a balanced proportion where the aromatic power of the &#8220;cassalla&#8221; blends very well with the aromatic subtlety of the Tur\u00eds muscatel mistela.<\/p>\n<p>It is a demanding elaboration, based on the respect for tradition and the history of its two components, in which the character and personality of this drink, so deeply rooted in our territory, is maintained, but a personal touch adapted to current preferences is introduced, which sets it apart. Serve very cold. It can be enjoyed in a shot or as a long drink on the rocks.<\/p>\n<\/div><\/div><style type=\"text\/css\">.fusion-body .fusion-builder-column-0{width:100% !important;margin-top : 0px;margin-bottom : 20px;}.fusion-builder-column-0 > .fusion-column-wrapper {padding-top : 0px !important;padding-right : 0px !important;margin-right : 1.92%;padding-bottom : 0px !important;padding-left : 0px !important;margin-left : 1.92%;}@media only screen and (max-width:1024px) {.fusion-body .fusion-builder-column-0{width:100% !important;order : 0;}.fusion-builder-column-0 > .fusion-column-wrapper {margin-right : 1.92%;margin-left : 1.92%;}}@media only screen and (max-width:640px) {.fusion-body .fusion-builder-column-0{width:100% !important;order : 0;}.fusion-builder-column-0 > .fusion-column-wrapper {margin-right : 1.92%;margin-left : 1.92%;}}<\/style><\/div><\/div><style type=\"text\/css\">.fusion-body .fusion-flex-container.fusion-builder-row-1{ padding-top : 0px;margin-top : 0px;padding-right : 0px;padding-bottom : 0px;margin-bottom : 0px;padding-left : 0px;}<\/style><\/div>\n","protected":false},"excerpt":{"rendered":"","protected":false},"featured_media":12876,"comment_status":"open","ping_status":"closed","template":"","meta":[],"product_cat":[223],"product_tag":[535,287,284],"acf":[],"yoast_head":"<!-- This site is optimized with the Yoast SEO plugin v19.3 - https:\/\/yoast.com\/wordpress\/plugins\/seo\/ -->\n<title>BarreXat de la Terreta &bull; Baron\u00eda de Tur\u00eds<\/title>\n<meta name=\"description\" content=\"Elegant, subtle and silky mistela, perfect to take with appetizers, foie gras, p\u00e2t\u00e9s, blue cheeses, dark chocolates and pastries. Straw yellow color with intense aromas of honey, flowers, citrus, nuts and pastries\" \/>\n<meta name=\"robots\" content=\"index, follow, max-snippet:-1, max-image-preview:large, max-video-preview:-1\" \/>\n<link rel=\"canonical\" href=\"https:\/\/baroniadeturis.es\/en\/shop\/barrexat-de-la-terreta\/\" \/>\n<meta property=\"og:locale\" content=\"en_US\" \/>\n<meta property=\"og:type\" content=\"article\" \/>\n<meta property=\"og:title\" content=\"BarreXat de la Terreta &bull; Baron\u00eda de Tur\u00eds\" \/>\n<meta property=\"og:description\" content=\"Elegant, subtle and silky mistela, perfect to take with appetizers, foie gras, p\u00e2t\u00e9s, blue cheeses, dark chocolates and pastries. Straw yellow color with intense aromas of honey, flowers, citrus, nuts and pastries\" \/>\n<meta property=\"og:url\" content=\"https:\/\/baroniadeturis.es\/en\/shop\/barrexat-de-la-terreta\/\" \/>\n<meta property=\"og:site_name\" content=\"Baron\u00eda de Tur\u00eds\" \/>\n<meta property=\"article:publisher\" content=\"https:\/\/www.facebook.com\/baroniadeturis\/\" \/>\n<meta property=\"article:modified_time\" content=\"2026-04-15T13:44:46+00:00\" \/>\n<meta property=\"og:image\" content=\"https:\/\/baroniadeturis.es\/wp-content\/uploads\/2024\/03\/BarreXat.png\" \/>\n\t<meta property=\"og:image:width\" content=\"600\" \/>\n\t<meta property=\"og:image:height\" content=\"799\" \/>\n\t<meta property=\"og:image:type\" content=\"image\/png\" \/>\n<meta name=\"twitter:card\" content=\"summary_large_image\" \/>\n<meta name=\"twitter:site\" content=\"@BaroniadeTuris\" \/>\n<script type=\"application\/ld+json\" class=\"yoast-schema-graph\">{\"@context\":\"https:\/\/schema.org\",\"@graph\":[{\"@type\":\"Organization\",\"@id\":\"https:\/\/baroniadeturis.es\/#organization\",\"name\":\"Baron\u00eda de Tur\u00eds Coop. V.\",\"url\":\"https:\/\/baroniadeturis.es\/\",\"sameAs\":[\"https:\/\/www.instagram.com\/baroniadeturis\/?hl=es\",\"https:\/\/www.youtube.com\/channel\/UCAj8ABKeb68PTPyktzWpf7Q\",\"https:\/\/www.facebook.com\/baroniadeturis\/\",\"https:\/\/twitter.com\/BaroniadeTuris\"],\"logo\":{\"@type\":\"ImageObject\",\"inLanguage\":\"en-US\",\"@id\":\"https:\/\/baroniadeturis.es\/#\/schema\/logo\/image\/\",\"url\":\"https:\/\/baroniadeturis.es\/wp-content\/uploads\/2020\/08\/logo-w2020-footer-izq.png\",\"contentUrl\":\"https:\/\/baroniadeturis.es\/wp-content\/uploads\/2020\/08\/logo-w2020-footer-izq.png\",\"width\":300,\"height\":107,\"caption\":\"Baron\u00eda de Tur\u00eds Coop. V.\"},\"image\":{\"@id\":\"https:\/\/baroniadeturis.es\/#\/schema\/logo\/image\/\"}},{\"@type\":\"WebSite\",\"@id\":\"https:\/\/baroniadeturis.es\/#website\",\"url\":\"https:\/\/baroniadeturis.es\/\",\"name\":\"Baron\u00eda de Tur\u00eds\",\"description\":\"Official site of the wine cellar\",\"publisher\":{\"@id\":\"https:\/\/baroniadeturis.es\/#organization\"},\"potentialAction\":[{\"@type\":\"SearchAction\",\"target\":{\"@type\":\"EntryPoint\",\"urlTemplate\":\"https:\/\/baroniadeturis.es\/?s={search_term_string}\"},\"query-input\":\"required name=search_term_string\"}],\"inLanguage\":\"en-US\"},{\"@type\":\"ImageObject\",\"inLanguage\":\"en-US\",\"@id\":\"https:\/\/baroniadeturis.es\/en\/shop\/barrexat-de-la-terreta\/#primaryimage\",\"url\":\"https:\/\/baroniadeturis.es\/wp-content\/uploads\/2024\/03\/BarreXat.png\",\"contentUrl\":\"https:\/\/baroniadeturis.es\/wp-content\/uploads\/2024\/03\/BarreXat.png\",\"width\":600,\"height\":799},{\"@type\":\"WebPage\",\"@id\":\"https:\/\/baroniadeturis.es\/en\/shop\/barrexat-de-la-terreta\/\",\"url\":\"https:\/\/baroniadeturis.es\/en\/shop\/barrexat-de-la-terreta\/\",\"name\":\"BarreXat de la Terreta &bull; Baron\u00eda de Tur\u00eds\",\"isPartOf\":{\"@id\":\"https:\/\/baroniadeturis.es\/#website\"},\"primaryImageOfPage\":{\"@id\":\"https:\/\/baroniadeturis.es\/en\/shop\/barrexat-de-la-terreta\/#primaryimage\"},\"datePublished\":\"2024-03-14T15:52:15+00:00\",\"dateModified\":\"2026-04-15T13:44:46+00:00\",\"description\":\"Elegant, subtle and silky mistela, perfect to take with appetizers, foie gras, p\u00e2t\u00e9s, blue cheeses, dark chocolates and pastries. Straw yellow color with intense aromas of honey, flowers, citrus, nuts and pastries\",\"breadcrumb\":{\"@id\":\"https:\/\/baroniadeturis.es\/en\/shop\/barrexat-de-la-terreta\/#breadcrumb\"},\"inLanguage\":\"en-US\",\"potentialAction\":[{\"@type\":\"ReadAction\",\"target\":[\"https:\/\/baroniadeturis.es\/en\/shop\/barrexat-de-la-terreta\/\"]}]},{\"@type\":\"BreadcrumbList\",\"@id\":\"https:\/\/baroniadeturis.es\/en\/shop\/barrexat-de-la-terreta\/#breadcrumb\",\"itemListElement\":[{\"@type\":\"ListItem\",\"position\":1,\"name\":\"Portada\",\"item\":\"https:\/\/baroniadeturis.es\/en\/\"},{\"@type\":\"ListItem\",\"position\":2,\"name\":\"Shop\",\"item\":\"https:\/\/baroniadeturis.es\/en\/shop\/\"},{\"@type\":\"ListItem\",\"position\":3,\"name\":\"BarreXat de la Terreta\"}]}]}<\/script>\n<!-- \/ Yoast SEO plugin. -->","yoast_head_json":{"title":"BarreXat de la Terreta &bull; Baron\u00eda de Tur\u00eds","description":"Elegant, subtle and silky mistela, perfect to take with appetizers, foie gras, p\u00e2t\u00e9s, blue cheeses, dark chocolates and pastries. Straw yellow color with intense aromas of honey, flowers, citrus, nuts and pastries","robots":{"index":"index","follow":"follow","max-snippet":"max-snippet:-1","max-image-preview":"max-image-preview:large","max-video-preview":"max-video-preview:-1"},"canonical":"https:\/\/baroniadeturis.es\/en\/shop\/barrexat-de-la-terreta\/","og_locale":"en_US","og_type":"article","og_title":"BarreXat de la Terreta &bull; Baron\u00eda de Tur\u00eds","og_description":"Elegant, subtle and silky mistela, perfect to take with appetizers, foie gras, p\u00e2t\u00e9s, blue cheeses, dark chocolates and pastries. Straw yellow color with intense aromas of honey, flowers, citrus, nuts and pastries","og_url":"https:\/\/baroniadeturis.es\/en\/shop\/barrexat-de-la-terreta\/","og_site_name":"Baron\u00eda de Tur\u00eds","article_publisher":"https:\/\/www.facebook.com\/baroniadeturis\/","article_modified_time":"2026-04-15T13:44:46+00:00","og_image":[{"width":600,"height":799,"url":"https:\/\/baroniadeturis.es\/wp-content\/uploads\/2024\/03\/BarreXat.png","type":"image\/png"}],"twitter_card":"summary_large_image","twitter_site":"@BaroniadeTuris","schema":{"@context":"https:\/\/schema.org","@graph":[{"@type":"Organization","@id":"https:\/\/baroniadeturis.es\/#organization","name":"Baron\u00eda de Tur\u00eds Coop. V.","url":"https:\/\/baroniadeturis.es\/","sameAs":["https:\/\/www.instagram.com\/baroniadeturis\/?hl=es","https:\/\/www.youtube.com\/channel\/UCAj8ABKeb68PTPyktzWpf7Q","https:\/\/www.facebook.com\/baroniadeturis\/","https:\/\/twitter.com\/BaroniadeTuris"],"logo":{"@type":"ImageObject","inLanguage":"en-US","@id":"https:\/\/baroniadeturis.es\/#\/schema\/logo\/image\/","url":"https:\/\/baroniadeturis.es\/wp-content\/uploads\/2020\/08\/logo-w2020-footer-izq.png","contentUrl":"https:\/\/baroniadeturis.es\/wp-content\/uploads\/2020\/08\/logo-w2020-footer-izq.png","width":300,"height":107,"caption":"Baron\u00eda de Tur\u00eds Coop. V."},"image":{"@id":"https:\/\/baroniadeturis.es\/#\/schema\/logo\/image\/"}},{"@type":"WebSite","@id":"https:\/\/baroniadeturis.es\/#website","url":"https:\/\/baroniadeturis.es\/","name":"Baron\u00eda de Tur\u00eds","description":"Official site of the wine cellar","publisher":{"@id":"https:\/\/baroniadeturis.es\/#organization"},"potentialAction":[{"@type":"SearchAction","target":{"@type":"EntryPoint","urlTemplate":"https:\/\/baroniadeturis.es\/?s={search_term_string}"},"query-input":"required name=search_term_string"}],"inLanguage":"en-US"},{"@type":"ImageObject","inLanguage":"en-US","@id":"https:\/\/baroniadeturis.es\/en\/shop\/barrexat-de-la-terreta\/#primaryimage","url":"https:\/\/baroniadeturis.es\/wp-content\/uploads\/2024\/03\/BarreXat.png","contentUrl":"https:\/\/baroniadeturis.es\/wp-content\/uploads\/2024\/03\/BarreXat.png","width":600,"height":799},{"@type":"WebPage","@id":"https:\/\/baroniadeturis.es\/en\/shop\/barrexat-de-la-terreta\/","url":"https:\/\/baroniadeturis.es\/en\/shop\/barrexat-de-la-terreta\/","name":"BarreXat de la Terreta &bull; Baron\u00eda de Tur\u00eds","isPartOf":{"@id":"https:\/\/baroniadeturis.es\/#website"},"primaryImageOfPage":{"@id":"https:\/\/baroniadeturis.es\/en\/shop\/barrexat-de-la-terreta\/#primaryimage"},"datePublished":"2024-03-14T15:52:15+00:00","dateModified":"2026-04-15T13:44:46+00:00","description":"Elegant, subtle and silky mistela, perfect to take with appetizers, foie gras, p\u00e2t\u00e9s, blue cheeses, dark chocolates and pastries. Straw yellow color with intense aromas of honey, flowers, citrus, nuts and pastries","breadcrumb":{"@id":"https:\/\/baroniadeturis.es\/en\/shop\/barrexat-de-la-terreta\/#breadcrumb"},"inLanguage":"en-US","potentialAction":[{"@type":"ReadAction","target":["https:\/\/baroniadeturis.es\/en\/shop\/barrexat-de-la-terreta\/"]}]},{"@type":"BreadcrumbList","@id":"https:\/\/baroniadeturis.es\/en\/shop\/barrexat-de-la-terreta\/#breadcrumb","itemListElement":[{"@type":"ListItem","position":1,"name":"Portada","item":"https:\/\/baroniadeturis.es\/en\/"},{"@type":"ListItem","position":2,"name":"Shop","item":"https:\/\/baroniadeturis.es\/en\/shop\/"},{"@type":"ListItem","position":3,"name":"BarreXat de la Terreta"}]}]}},"_links":{"self":[{"href":"https:\/\/baroniadeturis.es\/en\/wp-json\/wp\/v2\/product\/12874"}],"collection":[{"href":"https:\/\/baroniadeturis.es\/en\/wp-json\/wp\/v2\/product"}],"about":[{"href":"https:\/\/baroniadeturis.es\/en\/wp-json\/wp\/v2\/types\/product"}],"replies":[{"embeddable":true,"href":"https:\/\/baroniadeturis.es\/en\/wp-json\/wp\/v2\/comments?post=12874"}],"wp:featuredmedia":[{"embeddable":true,"href":"https:\/\/baroniadeturis.es\/en\/wp-json\/wp\/v2\/media\/12876"}],"wp:attachment":[{"href":"https:\/\/baroniadeturis.es\/en\/wp-json\/wp\/v2\/media?parent=12874"}],"wp:term":[{"taxonomy":"product_cat","embeddable":true,"href":"https:\/\/baroniadeturis.es\/en\/wp-json\/wp\/v2\/product_cat?post=12874"},{"taxonomy":"product_tag","embeddable":true,"href":"https:\/\/baroniadeturis.es\/en\/wp-json\/wp\/v2\/product_tag?post=12874"}],"curies":[{"name":"wp","href":"https:\/\/api.w.org\/{rel}","templated":true}]}}