{"id":11117,"date":"2022-02-11T12:40:41","date_gmt":"2022-02-11T10:40:41","guid":{"rendered":"https:\/\/baroniadeturis.es\/?post_type=product&#038;p=11117"},"modified":"2026-04-15T15:51:05","modified_gmt":"2026-04-15T13:51:05","slug":"valencian-sun-2021","status":"publish","type":"product","link":"https:\/\/baroniadeturis.es\/en\/shop\/valencian-sun-2021\/","title":{"rendered":"Valencian Sun 2021"},"content":{"rendered":"","protected":false},"excerpt":{"rendered":"","protected":false},"featured_media":11119,"comment_status":"open","ping_status":"closed","template":"","meta":[],"product_cat":[372],"product_tag":[535,287,371,284],"acf":[],"yoast_head":"<!-- This site is optimized with the Yoast SEO plugin v19.3 - https:\/\/yoast.com\/wordpress\/plugins\/seo\/ -->\n<title>Valencian Sun 2021 &bull; Baron\u00eda de Tur\u00eds<\/title>\n<meta name=\"description\" content=\"Elegant, subtle and silky mistela, perfect to take with appetizers, foie gras, p\u00e2t\u00e9s, blue cheeses, dark chocolates and pastries. Straw yellow color with intense aromas of honey, flowers, citrus, nuts and pastries\" \/>\n<meta name=\"robots\" content=\"index, follow, max-snippet:-1, max-image-preview:large, max-video-preview:-1\" \/>\n<link rel=\"canonical\" href=\"https:\/\/baroniadeturis.es\/en\/shop\/valencian-sun-2021\/\" \/>\n<meta property=\"og:locale\" content=\"en_US\" \/>\n<meta property=\"og:type\" content=\"article\" \/>\n<meta property=\"og:title\" content=\"Valencian Sun 2021 &bull; Baron\u00eda de Tur\u00eds\" \/>\n<meta property=\"og:description\" content=\"Elegant, subtle and silky mistela, perfect to take with appetizers, foie gras, p\u00e2t\u00e9s, blue cheeses, dark chocolates and pastries. Straw yellow color with intense aromas of honey, flowers, citrus, nuts and pastries\" \/>\n<meta property=\"og:url\" content=\"https:\/\/baroniadeturis.es\/en\/shop\/valencian-sun-2021\/\" \/>\n<meta property=\"og:site_name\" content=\"Baron\u00eda de Tur\u00eds\" \/>\n<meta property=\"article:publisher\" content=\"https:\/\/www.facebook.com\/baroniadeturis\/\" \/>\n<meta property=\"article:modified_time\" content=\"2026-04-15T13:51:05+00:00\" \/>\n<meta property=\"og:image\" content=\"https:\/\/baroniadeturis.es\/wp-content\/uploads\/2022\/02\/Valencian_Sun_Azul.png\" \/>\n\t<meta property=\"og:image:width\" content=\"1233\" \/>\n\t<meta property=\"og:image:height\" content=\"1642\" \/>\n\t<meta property=\"og:image:type\" content=\"image\/png\" \/>\n<meta name=\"twitter:card\" content=\"summary_large_image\" \/>\n<meta name=\"twitter:site\" content=\"@BaroniadeTuris\" \/>\n<script type=\"application\/ld+json\" class=\"yoast-schema-graph\">{\"@context\":\"https:\/\/schema.org\",\"@graph\":[{\"@type\":\"Organization\",\"@id\":\"https:\/\/baroniadeturis.es\/#organization\",\"name\":\"Baron\u00eda de Tur\u00eds Coop. V.\",\"url\":\"https:\/\/baroniadeturis.es\/\",\"sameAs\":[\"https:\/\/www.instagram.com\/baroniadeturis\/?hl=es\",\"https:\/\/www.youtube.com\/channel\/UCAj8ABKeb68PTPyktzWpf7Q\",\"https:\/\/www.facebook.com\/baroniadeturis\/\",\"https:\/\/twitter.com\/BaroniadeTuris\"],\"logo\":{\"@type\":\"ImageObject\",\"inLanguage\":\"en-US\",\"@id\":\"https:\/\/baroniadeturis.es\/#\/schema\/logo\/image\/\",\"url\":\"https:\/\/baroniadeturis.es\/wp-content\/uploads\/2020\/08\/logo-w2020-footer-izq.png\",\"contentUrl\":\"https:\/\/baroniadeturis.es\/wp-content\/uploads\/2020\/08\/logo-w2020-footer-izq.png\",\"width\":300,\"height\":107,\"caption\":\"Baron\u00eda de Tur\u00eds Coop. V.\"},\"image\":{\"@id\":\"https:\/\/baroniadeturis.es\/#\/schema\/logo\/image\/\"}},{\"@type\":\"WebSite\",\"@id\":\"https:\/\/baroniadeturis.es\/#website\",\"url\":\"https:\/\/baroniadeturis.es\/\",\"name\":\"Baron\u00eda de Tur\u00eds\",\"description\":\"Official site of the wine cellar\",\"publisher\":{\"@id\":\"https:\/\/baroniadeturis.es\/#organization\"},\"potentialAction\":[{\"@type\":\"SearchAction\",\"target\":{\"@type\":\"EntryPoint\",\"urlTemplate\":\"https:\/\/baroniadeturis.es\/?s={search_term_string}\"},\"query-input\":\"required name=search_term_string\"}],\"inLanguage\":\"en-US\"},{\"@type\":\"ImageObject\",\"inLanguage\":\"en-US\",\"@id\":\"https:\/\/baroniadeturis.es\/en\/shop\/valencian-sun-2021\/#primaryimage\",\"url\":\"https:\/\/baroniadeturis.es\/wp-content\/uploads\/2022\/02\/Valencian_Sun_Azul.png\",\"contentUrl\":\"https:\/\/baroniadeturis.es\/wp-content\/uploads\/2022\/02\/Valencian_Sun_Azul.png\",\"width\":1233,\"height\":1642},{\"@type\":\"WebPage\",\"@id\":\"https:\/\/baroniadeturis.es\/en\/shop\/valencian-sun-2021\/\",\"url\":\"https:\/\/baroniadeturis.es\/en\/shop\/valencian-sun-2021\/\",\"name\":\"Valencian Sun 2021 &bull; Baron\u00eda de Tur\u00eds\",\"isPartOf\":{\"@id\":\"https:\/\/baroniadeturis.es\/#website\"},\"primaryImageOfPage\":{\"@id\":\"https:\/\/baroniadeturis.es\/en\/shop\/valencian-sun-2021\/#primaryimage\"},\"datePublished\":\"2022-02-11T10:40:41+00:00\",\"dateModified\":\"2026-04-15T13:51:05+00:00\",\"description\":\"Elegant, subtle and silky mistela, perfect to take with appetizers, foie gras, p\u00e2t\u00e9s, blue cheeses, dark chocolates and pastries. Straw yellow color with intense aromas of honey, flowers, citrus, nuts and pastries\",\"breadcrumb\":{\"@id\":\"https:\/\/baroniadeturis.es\/en\/shop\/valencian-sun-2021\/#breadcrumb\"},\"inLanguage\":\"en-US\",\"potentialAction\":[{\"@type\":\"ReadAction\",\"target\":[\"https:\/\/baroniadeturis.es\/en\/shop\/valencian-sun-2021\/\"]}]},{\"@type\":\"BreadcrumbList\",\"@id\":\"https:\/\/baroniadeturis.es\/en\/shop\/valencian-sun-2021\/#breadcrumb\",\"itemListElement\":[{\"@type\":\"ListItem\",\"position\":1,\"name\":\"Portada\",\"item\":\"https:\/\/baroniadeturis.es\/en\/\"},{\"@type\":\"ListItem\",\"position\":2,\"name\":\"Shop\",\"item\":\"https:\/\/baroniadeturis.es\/en\/shop\/\"},{\"@type\":\"ListItem\",\"position\":3,\"name\":\"Valencian Sun 2021\"}]}]}<\/script>\n<!-- \/ Yoast SEO plugin. -->","yoast_head_json":{"title":"Valencian Sun 2021 &bull; Baron\u00eda de Tur\u00eds","description":"Elegant, subtle and silky mistela, perfect to take with appetizers, foie gras, p\u00e2t\u00e9s, blue cheeses, dark chocolates and pastries. Straw yellow color with intense aromas of honey, flowers, citrus, nuts and pastries","robots":{"index":"index","follow":"follow","max-snippet":"max-snippet:-1","max-image-preview":"max-image-preview:large","max-video-preview":"max-video-preview:-1"},"canonical":"https:\/\/baroniadeturis.es\/en\/shop\/valencian-sun-2021\/","og_locale":"en_US","og_type":"article","og_title":"Valencian Sun 2021 &bull; Baron\u00eda de Tur\u00eds","og_description":"Elegant, subtle and silky mistela, perfect to take with appetizers, foie gras, p\u00e2t\u00e9s, blue cheeses, dark chocolates and pastries. Straw yellow color with intense aromas of honey, flowers, citrus, nuts and pastries","og_url":"https:\/\/baroniadeturis.es\/en\/shop\/valencian-sun-2021\/","og_site_name":"Baron\u00eda de Tur\u00eds","article_publisher":"https:\/\/www.facebook.com\/baroniadeturis\/","article_modified_time":"2026-04-15T13:51:05+00:00","og_image":[{"width":1233,"height":1642,"url":"https:\/\/baroniadeturis.es\/wp-content\/uploads\/2022\/02\/Valencian_Sun_Azul.png","type":"image\/png"}],"twitter_card":"summary_large_image","twitter_site":"@BaroniadeTuris","schema":{"@context":"https:\/\/schema.org","@graph":[{"@type":"Organization","@id":"https:\/\/baroniadeturis.es\/#organization","name":"Baron\u00eda de Tur\u00eds Coop. V.","url":"https:\/\/baroniadeturis.es\/","sameAs":["https:\/\/www.instagram.com\/baroniadeturis\/?hl=es","https:\/\/www.youtube.com\/channel\/UCAj8ABKeb68PTPyktzWpf7Q","https:\/\/www.facebook.com\/baroniadeturis\/","https:\/\/twitter.com\/BaroniadeTuris"],"logo":{"@type":"ImageObject","inLanguage":"en-US","@id":"https:\/\/baroniadeturis.es\/#\/schema\/logo\/image\/","url":"https:\/\/baroniadeturis.es\/wp-content\/uploads\/2020\/08\/logo-w2020-footer-izq.png","contentUrl":"https:\/\/baroniadeturis.es\/wp-content\/uploads\/2020\/08\/logo-w2020-footer-izq.png","width":300,"height":107,"caption":"Baron\u00eda de Tur\u00eds Coop. V."},"image":{"@id":"https:\/\/baroniadeturis.es\/#\/schema\/logo\/image\/"}},{"@type":"WebSite","@id":"https:\/\/baroniadeturis.es\/#website","url":"https:\/\/baroniadeturis.es\/","name":"Baron\u00eda de Tur\u00eds","description":"Official site of the wine cellar","publisher":{"@id":"https:\/\/baroniadeturis.es\/#organization"},"potentialAction":[{"@type":"SearchAction","target":{"@type":"EntryPoint","urlTemplate":"https:\/\/baroniadeturis.es\/?s={search_term_string}"},"query-input":"required name=search_term_string"}],"inLanguage":"en-US"},{"@type":"ImageObject","inLanguage":"en-US","@id":"https:\/\/baroniadeturis.es\/en\/shop\/valencian-sun-2021\/#primaryimage","url":"https:\/\/baroniadeturis.es\/wp-content\/uploads\/2022\/02\/Valencian_Sun_Azul.png","contentUrl":"https:\/\/baroniadeturis.es\/wp-content\/uploads\/2022\/02\/Valencian_Sun_Azul.png","width":1233,"height":1642},{"@type":"WebPage","@id":"https:\/\/baroniadeturis.es\/en\/shop\/valencian-sun-2021\/","url":"https:\/\/baroniadeturis.es\/en\/shop\/valencian-sun-2021\/","name":"Valencian Sun 2021 &bull; Baron\u00eda de Tur\u00eds","isPartOf":{"@id":"https:\/\/baroniadeturis.es\/#website"},"primaryImageOfPage":{"@id":"https:\/\/baroniadeturis.es\/en\/shop\/valencian-sun-2021\/#primaryimage"},"datePublished":"2022-02-11T10:40:41+00:00","dateModified":"2026-04-15T13:51:05+00:00","description":"Elegant, subtle and silky mistela, perfect to take with appetizers, foie gras, p\u00e2t\u00e9s, blue cheeses, dark chocolates and pastries. Straw yellow color with intense aromas of honey, flowers, citrus, nuts and pastries","breadcrumb":{"@id":"https:\/\/baroniadeturis.es\/en\/shop\/valencian-sun-2021\/#breadcrumb"},"inLanguage":"en-US","potentialAction":[{"@type":"ReadAction","target":["https:\/\/baroniadeturis.es\/en\/shop\/valencian-sun-2021\/"]}]},{"@type":"BreadcrumbList","@id":"https:\/\/baroniadeturis.es\/en\/shop\/valencian-sun-2021\/#breadcrumb","itemListElement":[{"@type":"ListItem","position":1,"name":"Portada","item":"https:\/\/baroniadeturis.es\/en\/"},{"@type":"ListItem","position":2,"name":"Shop","item":"https:\/\/baroniadeturis.es\/en\/shop\/"},{"@type":"ListItem","position":3,"name":"Valencian Sun 2021"}]}]}},"_links":{"self":[{"href":"https:\/\/baroniadeturis.es\/en\/wp-json\/wp\/v2\/product\/11117"}],"collection":[{"href":"https:\/\/baroniadeturis.es\/en\/wp-json\/wp\/v2\/product"}],"about":[{"href":"https:\/\/baroniadeturis.es\/en\/wp-json\/wp\/v2\/types\/product"}],"replies":[{"embeddable":true,"href":"https:\/\/baroniadeturis.es\/en\/wp-json\/wp\/v2\/comments?post=11117"}],"wp:featuredmedia":[{"embeddable":true,"href":"https:\/\/baroniadeturis.es\/en\/wp-json\/wp\/v2\/media\/11119"}],"wp:attachment":[{"href":"https:\/\/baroniadeturis.es\/en\/wp-json\/wp\/v2\/media?parent=11117"}],"wp:term":[{"taxonomy":"product_cat","embeddable":true,"href":"https:\/\/baroniadeturis.es\/en\/wp-json\/wp\/v2\/product_cat?post=11117"},{"taxonomy":"product_tag","embeddable":true,"href":"https:\/\/baroniadeturis.es\/en\/wp-json\/wp\/v2\/product_tag?post=11117"}],"curies":[{"name":"wp","href":"https:\/\/api.w.org\/{rel}","templated":true}]}}